{"id":277340,"date":"2021-06-09T21:58:51","date_gmt":"2021-06-09T21:58:51","guid":{"rendered":"https:\/\/www.bhump.org.uk\/?page_id=277340"},"modified":"2021-07-01T10:27:37","modified_gmt":"2021-07-01T10:27:37","slug":"useful-contacts","status":"publish","type":"page","link":"https:\/\/www.bhump.org.uk\/gd\/useful-contacts\/","title":{"rendered":"Luchd-ceangail feumail"},"content":{"rendered":"<div data-elementor-type=\"wp-page\" data-elementor-id=\"277340\" class=\"elementor elementor-277340\" data-elementor-settings=\"[]\">\n\t\t\t\t\t\t<div class=\"elementor-inner\">\n\t\t\t\t\t\t\t<div class=\"elementor-section-wrap\">\n\t\t\t\t\t\t\t<section class=\"has_ae_slider elementor-section elementor-top-section elementor-element elementor-element-6a8d4bb elementor-section-stretched contact-table elementor-section-boxed elementor-section-height-default elementor-section-height-default ae-bg-gallery-type-default\" data-particle_enable=\"false\" data-particle-mobile-disabled=\"false\" data-id=\"6a8d4bb\" data-element_type=\"section\" data-settings=\"{&quot;stretch_section&quot;:&quot;section-stretched&quot;}\">\n\t\t\t\t\t\t<div class=\"elementor-container elementor-column-gap-no\">\n\t\t\t\t\t\t\t<div class=\"elementor-row\">\n\t\t\t\t\t<div class=\"has_ae_slider elementor-column elementor-col-100 elementor-top-column elementor-element elementor-element-ed459a0 ae-bg-gallery-type-default\" data-id=\"ed459a0\" data-element_type=\"column\">\n\t\t\t<div class=\"elementor-column-wrap elementor-element-populated\">\n\t\t\t\t\t\t\t<div class=\"elementor-widget-wrap\">\n\t\t\t\t\t\t<div class=\"elementor-element elementor-element-32c11b2 elementor-widget elementor-widget-jet-table\" data-id=\"32c11b2\" data-element_type=\"widget\" data-widget_type=\"jet-table.default\">\n\t\t\t\t<div class=\"elementor-widget-container\">\n\t\t\t<div class=\"elementor-jet-table jet-elements\">\n\t\t<div class=\"jet-table-wrapper jet-table-responsive-mobile\">\n\t\t\t<table class=\"jet-table jet-table--fa5-compat\">\n\t\t\t\t<thead class=\"jet-table__head\"><tr class=\"jet-table__head-row\"><th class=\"jet-table__cell elementor-repeater-item-492b899 jet-table__head-cell\" scope=\"col\"><div class=\"jet-table__cell-inner\"><div class=\"jet-table__cell-content\"><div class=\"jet-table__cell-text\">Eagrachadh<\/div><\/div><\/div><\/th><th class=\"jet-table__cell elementor-repeater-item-803757f jet-table__head-cell\" scope=\"col\"><div class=\"jet-table__cell-inner\"><div class=\"jet-table__cell-content\"><div class=\"jet-table__cell-text\">Seirbheisean air an toirt seachad<\/div><\/div><\/div><\/th><th class=\"jet-table__cell elementor-repeater-item-40f9fd1 jet-table__head-cell\" scope=\"col\"><div class=\"jet-table__cell-inner\"><div class=\"jet-table__cell-content\"><div class=\"jet-table__cell-text\">Fiosrachadh conaltraidh \/ Se\u00f2ladh<\/div><\/div><\/div><\/th><\/tr><\/thead>\n\t\t\t\t\t\t\t\t<tbody class=\"jet-table__body\"><tr class=\"jet-table__body-row elementor-repeater-item-84a1ae8\"><td class=\"jet-table__cell elementor-repeater-item-c233c20 jet-table__body-cell\"><div class=\"jet-table__cell-inner\"><div class=\"jet-table__cell-content\"><div class=\"jet-table__cell-text\">HRSG (Buidheann Taic F\u00f2garraich Hillingdon)<\/div><\/div><\/div><\/td><td class=\"jet-table__cell elementor-repeater-item-ec49df5 jet-table__body-cell\"><div class=\"jet-table__cell-inner\"><div class=\"jet-table__cell-content\"><div class=\"jet-table__cell-text\">Sgilean Beatha, taic t\u00f2cail, oideachadh, comhairleachadh, c\u00e0irdeas, tagradh<\/div><\/div><\/div><\/td><td class=\"jet-table__cell elementor-repeater-item-831a455 jet-table__body-cell\"><div class=\"jet-table__cell-inner\"><div class=\"jet-table__cell-content\"><div class=\"jet-table__cell-text\">Pr\u00ecomh Thaigh, 106 \u00c0rd Shr\u00e0id, Yiewsley, West Drayton UB7 7BQ\n<br>Post-d: <a href=\"mailto:admin@hrsg.org.uk\">admin@hrsg.org.uk<\/a>\n\n<br>F\u00f2n: <a href=\"tel:01895434728\">01895 434 728<\/a><\/div><\/div><\/div><\/td><\/tr><tr class=\"jet-table__body-row elementor-repeater-item-66d7566\"><td class=\"jet-table__cell elementor-repeater-item-7f783c9 jet-table__body-cell\"><div class=\"jet-table__cell-inner\"><div class=\"jet-table__cell-content\"><div class=\"jet-table__cell-text\">Taigh Oiliompaiceach Hillingdon a \u2019ruith ostail airson daoine \u00f2ga<\/div><\/div><\/div><\/td><td class=\"jet-table__cell elementor-repeater-item-9c2b6fc jet-table__body-cell\"><div class=\"jet-table__cell-inner\"><div class=\"jet-table__cell-content\"><div class=\"jet-table__cell-text\">\u00c0ite-fuirich, Pr\u00ecomh thaic do luchd-obrach<\/div><\/div><\/div><\/td><td class=\"jet-table__cell elementor-repeater-item-56c3d71 jet-table__body-cell\"><div class=\"jet-table__cell-inner\"><div class=\"jet-table__cell-content\"><div class=\"jet-table__cell-text\">Taigh Oiliompaiceach, 1 Grove Lane Hillingdon, UB8 3RG\n<br>F\u00f2n: <a href=\"\/gd\/01895 250 853\/\">01895 250 853<\/a><\/div><\/div><\/div><\/td><\/tr><tr class=\"jet-table__body-row elementor-repeater-item-335e8f2\"><td class=\"jet-table__cell elementor-repeater-item-da995a4 jet-table__body-cell\"><div class=\"jet-table__cell-inner\"><div class=\"jet-table__cell-content\"><div class=\"jet-table__cell-text\">Samaritanaich Hillingdon<\/div><\/div><\/div><\/td><td class=\"jet-table__cell elementor-repeater-item-e74c046 jet-table__body-cell\"><div class=\"jet-table__cell-inner\"><div class=\"jet-table__cell-content\"><div class=\"jet-table__cell-text\">Taic t\u00f2cail d\u00ecomhair do dhaoine a tha a \u2019faireachdainn \u00e0mhghar no eu-d\u00f2chas. Ma tha rudeigin a \u2019cur dragh ort, cuir fios thugainn latha no oidhche.<\/div><\/div><\/div><\/td><td class=\"jet-table__cell elementor-repeater-item-d3d5b68 jet-table__body-cell\"><div class=\"jet-table__cell-inner\"><div class=\"jet-table__cell-content\"><div class=\"jet-table__cell-text\">2 Press Road, Uxbridge, UB8 1AT. F\u00f2n: 01895 253355 <br>F\u00f2n an-asgaidh F\u00f2n: <a href=\"tel:116 123\">116 123<\/a> <br>Post-d <a href=\"mailto:jo@samaritans.org\">jo@samaritans.org<\/a> <br>SMS: 07725 90 90 90.<\/div><\/div><\/div><\/td><\/tr><tr class=\"jet-table__body-row elementor-repeater-item-267b9c2\"><td class=\"jet-table__cell elementor-repeater-item-799c3a4 jet-table__body-cell\"><div class=\"jet-table__cell-inner\"><div class=\"jet-table__cell-content\"><div class=\"jet-table__cell-text\">Se\u00f2ladair P3<\/div><\/div><\/div><\/td><td class=\"jet-table__cell elementor-repeater-item-3d446b9 jet-table__body-cell\"><div class=\"jet-table__cell-inner\"><div class=\"jet-table__cell-content\"><div class=\"jet-table__cell-text\">Comhairle taigheadais, d\u00ecth dachaigh, sl\u00e0inte, sochair, foghlam, cosnadh agus tr\u00e8anadh<\/div><\/div><\/div><\/td><td class=\"jet-table__cell elementor-repeater-item-8f44312 jet-table__body-cell\"><div class=\"jet-table__cell-inner\"><div class=\"jet-table__cell-content\"><div class=\"jet-table__cell-text\">18e Rathad Fairfield, Yiewsley, Drayton an Iar, UB7 8EX\n<br>F\u00f2n: <a href=\"tel:01895 436114\">01895 436114<\/a><\/div><\/div><\/div><\/td><\/tr><tr class=\"jet-table__body-row elementor-repeater-item-8136dcb\"><td class=\"jet-table__cell elementor-repeater-item-bedd9bb jet-table__body-cell\"><div class=\"jet-table__cell-inner\"><div class=\"jet-table__cell-content\"><div class=\"jet-table__cell-text\">Seirbheis Comhairleachaidh Ceangail<\/div><\/div><\/div><\/td><td class=\"jet-table__cell elementor-repeater-item-dcb2e24 jet-table__body-cell\"><div class=\"jet-table__cell-inner\"><div class=\"jet-table__cell-content\"><div class=\"jet-table__cell-text\">Thoir seachad comhairleachadh le \u00f2rdachadh do dhaoine aois 13-25 a tha a \u2019fuireach, ann am Buirg Lunnainn Hillingdon<\/div><\/div><\/div><\/td><td class=\"jet-table__cell elementor-repeater-item-8eac145 jet-table__body-cell\"><div class=\"jet-table__cell-inner\"><div class=\"jet-table__cell-content\"><div class=\"jet-table__cell-text\">Muileann an Fhuarain, 81 Sr\u00e0id \u00c0rd Uxbridge, Middlesex, UB8 1JR \n<br>F\u00f2n: <a href=\"\/gd\/01895277222\/\">(01895) 277222<\/a><\/div><\/div><\/div><\/td><\/tr><tr class=\"jet-table__body-row elementor-repeater-item-d457272\"><td class=\"jet-table__cell elementor-repeater-item-2a664b1 jet-table__body-cell\"><div class=\"jet-table__cell-inner\"><div class=\"jet-table__cell-content\"><div class=\"jet-table__cell-text\">SORTED<\/div><\/div><\/div><\/td><td class=\"jet-table__cell elementor-repeater-item-a635399 jet-table__body-cell\"><div class=\"jet-table__cell-inner\"><div class=\"jet-table__cell-content\"><div class=\"jet-table__cell-text\">Seirbheis dh\u00ecomhair airson daoine 11-25 bliadhna ann an Hillingdon aig a bheil duilgheadasan co-cheangailte ri droga no deoch l\u00e0idir.<\/div><\/div><\/div><\/td><td class=\"jet-table__cell elementor-repeater-item-343c965 jet-table__body-cell\"><div class=\"jet-table__cell-inner\"><div class=\"jet-table__cell-content\"><div class=\"jet-table__cell-text\">Ionad Daoine \u00d2ga Fountains Mill, 81 Sr\u00e0id \u00c0rd, Uxbridge, UB8 1JR.\n<br>F\u00f2n: <a href=\"tel:01895 250721\">01895 250721<\/a><\/div><\/div><\/div><\/td><\/tr><tr class=\"jet-table__body-row elementor-repeater-item-924c0e0\"><td class=\"jet-table__cell elementor-repeater-item-dc4de58 jet-table__body-cell\"><div class=\"jet-table__cell-inner\"><div class=\"jet-table__cell-content\"><div class=\"jet-table__cell-text\">B\u00f9th One Stop Hayes<\/div><\/div><\/div><\/td><td class=\"jet-table__cell elementor-repeater-item-2665793 jet-table__body-cell\"><div class=\"jet-table__cell-inner\"><div class=\"jet-table__cell-content\"><div class=\"jet-table__cell-text\">Airson comhairle agus fiosrachadh mu na seirbheisean comhairle uile.<\/div><\/div><\/div><\/td><td class=\"jet-table__cell elementor-repeater-item-2ca9304 jet-table__body-cell\"><div class=\"jet-table__cell-inner\"><div class=\"jet-table__cell-content\"><div class=\"jet-table__cell-text\">Ionad Sp\u00f2rs is Cur-seachadan Botwell Green, East Avenue, Hayes, UB3 2HW <br>F\u00f2n: <a href=\"tel:03001231384\">(0300) 1231384<\/a>\n<br>Post-d: <a href=\"mailto:benefits@hillingdon.gov.uk\">sochairean@hillingdon.gov.uk<\/a><\/div><\/div><\/div><\/td><\/tr><tr class=\"jet-table__body-row elementor-repeater-item-354f0a7\"><td class=\"jet-table__cell elementor-repeater-item-c054c56 jet-table__body-cell\"><div class=\"jet-table__cell-inner\"><div class=\"jet-table__cell-content\"><div class=\"jet-table__cell-text\">Samaritanaich Hillingdon<\/div><\/div><\/div><\/td><td class=\"jet-table__cell elementor-repeater-item-475b59f jet-table__body-cell\"><div class=\"jet-table__cell-inner\"><div class=\"jet-table__cell-content\"><div class=\"jet-table__cell-text\">Seirbheis SNS d\u00ecomhair an-asgaidh a bheir seachad leigheas saidhge\u00f2lach airson trom-inntinn agus eas-\u00f2rdugh iomagain.<\/div><\/div><\/div><\/td><td class=\"jet-table__cell elementor-repeater-item-b5e53a9 jet-table__body-cell\"><div class=\"jet-table__cell-inner\"><div class=\"jet-table__cell-content\"><div class=\"jet-table__cell-text\">Taigh na Muilne 38 Slighe Taobh na h-Aibhne, Far Rathad Rockingham Uxbridge, UB8 2YF An R\u00ecoghachd Aonaichte\n<br>F\u00f2n: <a href=\"tel:01895206800\">01895 206800<\/a><\/div><\/div><\/div><\/td><\/tr><\/tbody>\n\t\t\t<\/table>\n\t\t<\/div>\n\n\t\t<\/div>\t\t<\/div>\n\t\t\t\t<\/div>\n\t\t\t\t\t\t<\/div>\n\t\t\t\t\t<\/div>\n\t\t<\/div>\n\t\t\t\t\t\t\t\t<\/div>\n\t\t\t\t\t<\/div>\n\t\t<\/section>\n\t\t\t\t\t\t<\/div>\n\t\t\t\t\t\t<\/div>\n\t\t\t\t\t<\/div>","protected":false},"excerpt":{"rendered":"<p>Organisation Services provided Contact details \/ Address HRSG (Hillingdon Refugee Support Group) Life Skills, emotional support, tutoring, mentoring, befriending, advocacy Key House, 106 High St, Yiewsley, West Drayton UB7 7BQ Email: admin@hrsg.org.uk Tel: 01895 434 728 Olympic House Hillingdon run hostel for young people Accommodation, Key worker support Olympic House,1 Grove Lane Hillingdon, UB8 3RG [&hellip;]<\/p>","protected":false},"author":9,"featured_media":0,"parent":0,"menu_order":0,"comment_status":"closed","ping_status":"closed","template":"elementor_header_footer","meta":[],"yoast_head":"<!-- This site is optimized with the Yoast SEO plugin v16.5 - https:\/\/yoast.com\/wordpress\/plugins\/seo\/ -->\n<title>Bhump | Useful contacts<\/title>\n<meta name=\"robots\" content=\"index, follow, max-snippet:-1, max-image-preview:large, max-video-preview:-1\" \/>\n<link rel=\"canonical\" href=\"https:\/\/www.bhump.org.uk\/gd\/useful-contacts\/\" \/>\n<meta property=\"og:locale\" content=\"en_US\" \/>\n<meta property=\"og:type\" content=\"article\" \/>\n<meta property=\"og:title\" content=\"Bhump | Useful contacts\" \/>\n<meta property=\"og:description\" content=\"Organisation Services provided Contact details \/ Address HRSG (Hillingdon Refugee Support Group) Life Skills, emotional support, tutoring, mentoring, befriending, advocacy Key House, 106 High St, Yiewsley, West Drayton UB7 7BQ Email: admin@hrsg.org.uk Tel: 01895 434 728 Olympic House Hillingdon run hostel for young people Accommodation, Key worker support Olympic House,1 Grove Lane Hillingdon, UB8 3RG [&hellip;]\" \/>\n<meta property=\"og:url\" content=\"https:\/\/www.bhump.org.uk\/gd\/useful-contacts\/\" \/>\n<meta property=\"og:site_name\" content=\"Bhump\" \/>\n<meta property=\"article:modified_time\" content=\"2021-07-01T10:27:37+00:00\" \/>\n<meta name=\"twitter:card\" content=\"summary_large_image\" \/>\n<meta name=\"twitter:label1\" content=\"Est. reading time\" \/>\n\t<meta name=\"twitter:data1\" content=\"2 minutes\" \/>\n<script type=\"application\/ld+json\" class=\"yoast-schema-graph\">{\"@context\":\"https:\/\/schema.org\",\"@graph\":[{\"@type\":\"WebSite\",\"@id\":\"https:\/\/www.bhump.org.uk\/#website\",\"url\":\"https:\/\/www.bhump.org.uk\/\",\"name\":\"Bhump\",\"description\":\"\",\"potentialAction\":[{\"@type\":\"SearchAction\",\"target\":\"https:\/\/www.bhump.org.uk\/?s={search_term_string}\",\"query-input\":\"required name=search_term_string\"}],\"inLanguage\":\"gd\"},{\"@type\":\"WebPage\",\"@id\":\"https:\/\/www.bhump.org.uk\/useful-contacts\/#webpage\",\"url\":\"https:\/\/www.bhump.org.uk\/useful-contacts\/\",\"name\":\"Bhump | Useful contacts\",\"isPartOf\":{\"@id\":\"https:\/\/www.bhump.org.uk\/#website\"},\"datePublished\":\"2021-06-09T21:58:51+00:00\",\"dateModified\":\"2021-07-01T10:27:37+00:00\",\"breadcrumb\":{\"@id\":\"https:\/\/www.bhump.org.uk\/useful-contacts\/#breadcrumb\"},\"inLanguage\":\"gd\",\"potentialAction\":[{\"@type\":\"ReadAction\",\"target\":[\"https:\/\/www.bhump.org.uk\/useful-contacts\/\"]}]},{\"@type\":\"BreadcrumbList\",\"@id\":\"https:\/\/www.bhump.org.uk\/useful-contacts\/#breadcrumb\",\"itemListElement\":[{\"@type\":\"ListItem\",\"position\":1,\"name\":\"Home\",\"item\":\"https:\/\/www.bhump.org.uk\/\"},{\"@type\":\"ListItem\",\"position\":2,\"name\":\"Useful contacts\"}]},{\"@type\":\"Person\",\"@id\":\"https:\/\/www.bhump.org.uk\/#\/schema\/person\/1c8be491a95009520109f99784a92cb1\",\"name\":\"Freda\",\"image\":{\"@type\":\"ImageObject\",\"@id\":\"https:\/\/www.bhump.org.uk\/#personlogo\",\"inLanguage\":\"gd\",\"url\":\"https:\/\/secure.gravatar.com\/avatar\/d2bb4babfce21a780dbb733609419e97?s=96&d=mm&r=g\",\"contentUrl\":\"https:\/\/secure.gravatar.com\/avatar\/d2bb4babfce21a780dbb733609419e97?s=96&d=mm&r=g\",\"caption\":\"Freda\"}}]}<\/script>\n<!-- \/ Yoast SEO plugin. -->","_links":{"self":[{"href":"https:\/\/www.bhump.org.uk\/gd\/wp-json\/wp\/v2\/pages\/277340"}],"collection":[{"href":"https:\/\/www.bhump.org.uk\/gd\/wp-json\/wp\/v2\/pages"}],"about":[{"href":"https:\/\/www.bhump.org.uk\/gd\/wp-json\/wp\/v2\/types\/page"}],"author":[{"embeddable":true,"href":"https:\/\/www.bhump.org.uk\/gd\/wp-json\/wp\/v2\/users\/9"}],"replies":[{"embeddable":true,"href":"https:\/\/www.bhump.org.uk\/gd\/wp-json\/wp\/v2\/comments?post=277340"}],"version-history":[{"count":35,"href":"https:\/\/www.bhump.org.uk\/gd\/wp-json\/wp\/v2\/pages\/277340\/revisions"}],"predecessor-version":[{"id":278867,"href":"https:\/\/www.bhump.org.uk\/gd\/wp-json\/wp\/v2\/pages\/277340\/revisions\/278867"}],"wp:attachment":[{"href":"https:\/\/www.bhump.org.uk\/gd\/wp-json\/wp\/v2\/media?parent=277340"}],"curies":[{"name":"wp","href":"https:\/\/api.w.org\/{rel}","templated":true}]}}