{"id":277340,"date":"2021-06-09T21:58:51","date_gmt":"2021-06-09T21:58:51","guid":{"rendered":"https:\/\/www.bhump.org.uk\/?page_id=277340"},"modified":"2021-07-01T10:27:37","modified_gmt":"2021-07-01T10:27:37","slug":"useful-contacts","status":"publish","type":"page","link":"https:\/\/www.bhump.org.uk\/ku\/useful-contacts\/","title":{"rendered":"T\u00eakiliy\u00ean k\u00earhat\u00ee"},"content":{"rendered":"<div data-elementor-type=\"wp-page\" data-elementor-id=\"277340\" class=\"elementor elementor-277340\" data-elementor-settings=\"[]\">\n\t\t\t\t\t\t<div class=\"elementor-inner\">\n\t\t\t\t\t\t\t<div class=\"elementor-section-wrap\">\n\t\t\t\t\t\t\t<section class=\"has_ae_slider elementor-section elementor-top-section elementor-element elementor-element-6a8d4bb elementor-section-stretched contact-table elementor-section-boxed elementor-section-height-default elementor-section-height-default ae-bg-gallery-type-default\" data-particle_enable=\"false\" data-particle-mobile-disabled=\"false\" data-id=\"6a8d4bb\" data-element_type=\"section\" data-settings=\"{&quot;stretch_section&quot;:&quot;section-stretched&quot;}\">\n\t\t\t\t\t\t<div class=\"elementor-container elementor-column-gap-no\">\n\t\t\t\t\t\t\t<div class=\"elementor-row\">\n\t\t\t\t\t<div class=\"has_ae_slider elementor-column elementor-col-100 elementor-top-column elementor-element elementor-element-ed459a0 ae-bg-gallery-type-default\" data-id=\"ed459a0\" data-element_type=\"column\">\n\t\t\t<div class=\"elementor-column-wrap elementor-element-populated\">\n\t\t\t\t\t\t\t<div class=\"elementor-widget-wrap\">\n\t\t\t\t\t\t<div class=\"elementor-element elementor-element-32c11b2 elementor-widget elementor-widget-jet-table\" data-id=\"32c11b2\" data-element_type=\"widget\" data-widget_type=\"jet-table.default\">\n\t\t\t\t<div class=\"elementor-widget-container\">\n\t\t\t<div class=\"elementor-jet-table jet-elements\">\n\t\t<div class=\"jet-table-wrapper jet-table-responsive-mobile\">\n\t\t\t<table class=\"jet-table jet-table--fa5-compat\">\n\t\t\t\t<thead class=\"jet-table__head\"><tr class=\"jet-table__head-row\"><th class=\"jet-table__cell elementor-repeater-item-492b899 jet-table__head-cell\" scope=\"col\"><div class=\"jet-table__cell-inner\"><div class=\"jet-table__cell-content\"><div class=\"jet-table__cell-text\">Saz\u00fbman<\/div><\/div><\/div><\/th><th class=\"jet-table__cell elementor-repeater-item-803757f jet-table__head-cell\" scope=\"col\"><div class=\"jet-table__cell-inner\"><div class=\"jet-table__cell-content\"><div class=\"jet-table__cell-text\">Xizmet\u00ean p\u00ea\u015fk\u00ea\u015f kirin<\/div><\/div><\/div><\/th><th class=\"jet-table__cell elementor-repeater-item-40f9fd1 jet-table__head-cell\" scope=\"col\"><div class=\"jet-table__cell-inner\"><div class=\"jet-table__cell-content\"><div class=\"jet-table__cell-text\">Agahiy\u00ean p\u00eawendiy\u00ea \/ Navn\u00ee\u015fan<\/div><\/div><\/div><\/th><\/tr><\/thead>\n\t\t\t\t\t\t\t\t<tbody class=\"jet-table__body\"><tr class=\"jet-table__body-row elementor-repeater-item-84a1ae8\"><td class=\"jet-table__cell elementor-repeater-item-c233c20 jet-table__body-cell\"><div class=\"jet-table__cell-inner\"><div class=\"jet-table__cell-content\"><div class=\"jet-table__cell-text\">HRSG (Koma Pi\u015ftgiriya Penaberan a Hillingdon)<\/div><\/div><\/div><\/td><td class=\"jet-table__cell elementor-repeater-item-ec49df5 jet-table__body-cell\"><div class=\"jet-table__cell-inner\"><div class=\"jet-table__cell-content\"><div class=\"jet-table__cell-text\">Zehmetiy\u00ean jiyan\u00ea, pi\u015ftgiriya hestyar\u00ee, h\u00eendekar\u00ee, \u015f\u00eawirmend\u00ee, hevalt\u00ee, par\u00eazvan\u00ee<\/div><\/div><\/div><\/td><td class=\"jet-table__cell elementor-repeater-item-831a455 jet-table__body-cell\"><div class=\"jet-table__cell-inner\"><div class=\"jet-table__cell-content\"><div class=\"jet-table__cell-text\">Key House, 106 High St, Yiewsley, West Drayton UB7 7BQ\n<br>Email: <a href=\"mailto:admin@hrsg.org.uk\">admin@hrsg.org.uk<\/a>\n\n<br>Tel: <a href=\"tel:01895434728\">01895 434 728<\/a><\/div><\/div><\/div><\/td><\/tr><tr class=\"jet-table__body-row elementor-repeater-item-66d7566\"><td class=\"jet-table__cell elementor-repeater-item-7f783c9 jet-table__body-cell\"><div class=\"jet-table__cell-inner\"><div class=\"jet-table__cell-content\"><div class=\"jet-table__cell-text\">Ol\u00eempiyad\u00ea House Hillingdon ji bo ciwanan hostel dime\u015f\u00eene<\/div><\/div><\/div><\/td><td class=\"jet-table__cell elementor-repeater-item-9c2b6fc jet-table__body-cell\"><div class=\"jet-table__cell-inner\"><div class=\"jet-table__cell-content\"><div class=\"jet-table__cell-text\">Cihb\u00fbn, Pi\u015ftgiriya karker\u00ea sereke<\/div><\/div><\/div><\/td><td class=\"jet-table__cell elementor-repeater-item-56c3d71 jet-table__body-cell\"><div class=\"jet-table__cell-inner\"><div class=\"jet-table__cell-content\"><div class=\"jet-table__cell-text\">Ol\u00eempiyad\u00ea House, 1 Grove Lane Hillingdon, UB8 3RG\n<br>Tel: <a href=\"\/ku\/01895 250 853\/\">01895 250 853<\/a><\/div><\/div><\/div><\/td><\/tr><tr class=\"jet-table__body-row elementor-repeater-item-335e8f2\"><td class=\"jet-table__cell elementor-repeater-item-da995a4 jet-table__body-cell\"><div class=\"jet-table__cell-inner\"><div class=\"jet-table__cell-content\"><div class=\"jet-table__cell-text\">Sameriy\u00ean Hillingdon<\/div><\/div><\/div><\/td><td class=\"jet-table__cell elementor-repeater-item-e74c046 jet-table__body-cell\"><div class=\"jet-table__cell-inner\"><div class=\"jet-table__cell-content\"><div class=\"jet-table__cell-text\">Pi\u015ftgiriya hestyar\u00ee ya neh\u00ean\u00ee ji bo kes\u00ean ku hest\u00ean tengahiy\u00ea an b\u00eah\u00eav\u00eetiy\u00ea dib\u00eenin. Ger ti\u015ftek we aciz dike, bi \u015fev an roj bi hev re t\u00eakil\u00ee daynin.<\/div><\/div><\/div><\/td><td class=\"jet-table__cell elementor-repeater-item-d3d5b68 jet-table__body-cell\"><div class=\"jet-table__cell-inner\"><div class=\"jet-table__cell-content\"><div class=\"jet-table__cell-text\">2 Press Road, Uxbridge, UB8 1AT. Tel: 01895 253355 <br>Telefona bela\u015f Tel: <a href=\"tel:116 123\">116 123<\/a> <br>E-namey\u00ea bi\u015f\u00eenin <a href=\"mailto:jo@samaritans.org\">jo@samaritans.org<\/a> <br>SMS: 07725 90 90 90.<\/div><\/div><\/div><\/td><\/tr><tr class=\"jet-table__body-row elementor-repeater-item-267b9c2\"><td class=\"jet-table__cell elementor-repeater-item-799c3a4 jet-table__body-cell\"><div class=\"jet-table__cell-inner\"><div class=\"jet-table__cell-content\"><div class=\"jet-table__cell-text\">P3 Nav\u00eegator<\/div><\/div><\/div><\/td><td class=\"jet-table__cell elementor-repeater-item-3d446b9 jet-table__body-cell\"><div class=\"jet-table__cell-inner\"><div class=\"jet-table__cell-content\"><div class=\"jet-table__cell-text\">\u015e\u00eawirdariya xaniyan, b\u00eamal\u00ee, tendurist\u00ee, refaha, perwerde, kar \u00fb perwerdekirin<\/div><\/div><\/div><\/td><td class=\"jet-table__cell elementor-repeater-item-8f44312 jet-table__body-cell\"><div class=\"jet-table__cell-inner\"><div class=\"jet-table__cell-content\"><div class=\"jet-table__cell-text\">18e Fairfield Road, Yiewsley, West Drayton, UB7 8EX\n<br>Tel: <a href=\"tel:01895 436114\">01895 436114<\/a><\/div><\/div><\/div><\/td><\/tr><tr class=\"jet-table__body-row elementor-repeater-item-8136dcb\"><td class=\"jet-table__cell elementor-repeater-item-bedd9bb jet-table__body-cell\"><div class=\"jet-table__cell-inner\"><div class=\"jet-table__cell-content\"><div class=\"jet-table__cell-text\">Xizmeta \u015e\u00eawirmendiya Gir\u00eadan\u00ea<\/div><\/div><\/div><\/td><td class=\"jet-table__cell elementor-repeater-item-dcb2e24 jet-table__body-cell\"><div class=\"jet-table__cell-inner\"><div class=\"jet-table__cell-content\"><div class=\"jet-table__cell-text\">Ji bo kes\u00ean 13-25 sal\u00ee y\u00ean ku li nav\u00e7eya Hillingdon a London\u00ea dij\u00een, bi randev\u00fby\u00ea \u015f\u00eawirmendiy\u00ea peyda bikin.<\/div><\/div><\/div><\/td><td class=\"jet-table__cell elementor-repeater-item-8eac145 jet-table__body-cell\"><div class=\"jet-table__cell-inner\"><div class=\"jet-table__cell-content\"><div class=\"jet-table__cell-text\">Fountains Mill, 81 High Street Uxbridge, Middlesex, UB8 1JR \n<br>Tel: <a href=\"\/ku\/01895277222\/\">(01895) 277222<\/a><\/div><\/div><\/div><\/td><\/tr><tr class=\"jet-table__body-row elementor-repeater-item-d457272\"><td class=\"jet-table__cell elementor-repeater-item-2a664b1 jet-table__body-cell\"><div class=\"jet-table__cell-inner\"><div class=\"jet-table__cell-content\"><div class=\"jet-table__cell-text\">SORTED<\/div><\/div><\/div><\/td><td class=\"jet-table__cell elementor-repeater-item-a635399 jet-table__body-cell\"><div class=\"jet-table__cell-inner\"><div class=\"jet-table__cell-content\"><div class=\"jet-table__cell-text\">Xizmetek nepen\u00ee ji bo xort\u00ean 11-25 sal\u00ee li Hillingdon ku bi pirsgir\u00eak\u00ean narkot\u00eek an alkol\u00ea re r\u00fb bi r\u00fb ne.<\/div><\/div><\/div><\/td><td class=\"jet-table__cell elementor-repeater-item-343c965 jet-table__body-cell\"><div class=\"jet-table__cell-inner\"><div class=\"jet-table__cell-content\"><div class=\"jet-table__cell-text\">Fountains Mill Navenda Ciwanan, 81 High Street, Uxbridge, UB8 1JR.\n<br>Tel: <a href=\"tel:01895 250721\">01895 250721<\/a><\/div><\/div><\/div><\/td><\/tr><tr class=\"jet-table__body-row elementor-repeater-item-924c0e0\"><td class=\"jet-table__cell elementor-repeater-item-dc4de58 jet-table__body-cell\"><div class=\"jet-table__cell-inner\"><div class=\"jet-table__cell-content\"><div class=\"jet-table__cell-text\">Yek Stop shop Hayes<\/div><\/div><\/div><\/td><td class=\"jet-table__cell elementor-repeater-item-2665793 jet-table__body-cell\"><div class=\"jet-table__cell-inner\"><div class=\"jet-table__cell-content\"><div class=\"jet-table__cell-text\">Ji bo \u015f\u00eeret \u00fb agahdar\u00ee li ser hem\u00ee kar\u00fbbar\u00ean mecl\u00ees\u00ea.<\/div><\/div><\/div><\/td><td class=\"jet-table__cell elementor-repeater-item-2ca9304 jet-table__body-cell\"><div class=\"jet-table__cell-inner\"><div class=\"jet-table__cell-content\"><div class=\"jet-table__cell-text\">Navenda Werz\u00ee\u015f \u00fb Serdem\u00ea ya Botwell Kesk, Rohilat Avenue, Hayes, UB3 2HW <br>Tel: <a href=\"tel:03001231384\">(0300) 1231384<\/a>\n<br>Email: <a href=\"mailto:benefits@hillingdon.gov.uk\">benefits@hillingdon.gov.uk<\/a><\/div><\/div><\/div><\/td><\/tr><tr class=\"jet-table__body-row elementor-repeater-item-354f0a7\"><td class=\"jet-table__cell elementor-repeater-item-c054c56 jet-table__body-cell\"><div class=\"jet-table__cell-inner\"><div class=\"jet-table__cell-content\"><div class=\"jet-table__cell-text\">Sameriy\u00ean Hillingdon<\/div><\/div><\/div><\/td><td class=\"jet-table__cell elementor-repeater-item-475b59f jet-table__body-cell\"><div class=\"jet-table__cell-inner\"><div class=\"jet-table__cell-content\"><div class=\"jet-table__cell-text\">Kar\u00fbbarek bela\u015f, nepen\u00ee ya NHS-\u00ea ku ji bo depresyon\u00ea \u00fb nexwe\u015fiy\u00ean metirsiy\u00ea dermankirina ps\u00eekoloj\u00eek peyda dike.<\/div><\/div><\/div><\/td><td class=\"jet-table__cell elementor-repeater-item-b5e53a9 jet-table__body-cell\"><div class=\"jet-table__cell-inner\"><div class=\"jet-table__cell-content\"><div class=\"jet-table__cell-text\">Mill House 38 Riverside Way, Off Rockingham Road Uxbridge, UB8 2YF Keyaniya Yekb\u00fby\u00ee\n<br>Tel: <a href=\"tel:01895206800\">01895 206800<\/a><\/div><\/div><\/div><\/td><\/tr><\/tbody>\n\t\t\t<\/table>\n\t\t<\/div>\n\n\t\t<\/div>\t\t<\/div>\n\t\t\t\t<\/div>\n\t\t\t\t\t\t<\/div>\n\t\t\t\t\t<\/div>\n\t\t<\/div>\n\t\t\t\t\t\t\t\t<\/div>\n\t\t\t\t\t<\/div>\n\t\t<\/section>\n\t\t\t\t\t\t<\/div>\n\t\t\t\t\t\t<\/div>\n\t\t\t\t\t<\/div>","protected":false},"excerpt":{"rendered":"<p>Organisation Services provided Contact details \/ Address HRSG (Hillingdon Refugee Support Group) Life Skills, emotional support, tutoring, mentoring, befriending, advocacy Key House, 106 High St, Yiewsley, West Drayton UB7 7BQ Email: admin@hrsg.org.uk Tel: 01895 434 728 Olympic House Hillingdon run hostel for young people Accommodation, Key worker support Olympic House,1 Grove Lane Hillingdon, UB8 3RG [&hellip;]<\/p>","protected":false},"author":9,"featured_media":0,"parent":0,"menu_order":0,"comment_status":"closed","ping_status":"closed","template":"elementor_header_footer","meta":[],"yoast_head":"<!-- This site is optimized with the Yoast SEO plugin v16.5 - https:\/\/yoast.com\/wordpress\/plugins\/seo\/ -->\n<title>Bhump | Useful contacts<\/title>\n<meta name=\"robots\" content=\"index, follow, max-snippet:-1, max-image-preview:large, max-video-preview:-1\" \/>\n<link rel=\"canonical\" href=\"https:\/\/www.bhump.org.uk\/ku\/useful-contacts\/\" \/>\n<meta property=\"og:locale\" content=\"en_US\" \/>\n<meta property=\"og:type\" content=\"article\" \/>\n<meta property=\"og:title\" content=\"Bhump | Useful contacts\" \/>\n<meta property=\"og:description\" content=\"Organisation Services provided Contact details \/ Address HRSG (Hillingdon Refugee Support Group) Life Skills, emotional support, tutoring, mentoring, befriending, advocacy Key House, 106 High St, Yiewsley, West Drayton UB7 7BQ Email: admin@hrsg.org.uk Tel: 01895 434 728 Olympic House Hillingdon run hostel for young people Accommodation, Key worker support Olympic House,1 Grove Lane Hillingdon, UB8 3RG [&hellip;]\" \/>\n<meta property=\"og:url\" content=\"https:\/\/www.bhump.org.uk\/ku\/useful-contacts\/\" \/>\n<meta property=\"og:site_name\" content=\"Bhump\" \/>\n<meta property=\"article:modified_time\" content=\"2021-07-01T10:27:37+00:00\" \/>\n<meta name=\"twitter:card\" content=\"summary_large_image\" \/>\n<meta name=\"twitter:label1\" content=\"Est. reading time\" \/>\n\t<meta name=\"twitter:data1\" content=\"2 \u062e\u0648\u0644\u06d5\u06a9\" \/>\n<script type=\"application\/ld+json\" class=\"yoast-schema-graph\">{\"@context\":\"https:\/\/schema.org\",\"@graph\":[{\"@type\":\"WebSite\",\"@id\":\"https:\/\/www.bhump.org.uk\/#website\",\"url\":\"https:\/\/www.bhump.org.uk\/\",\"name\":\"Bhump\",\"description\":\"\",\"potentialAction\":[{\"@type\":\"SearchAction\",\"target\":\"https:\/\/www.bhump.org.uk\/?s={search_term_string}\",\"query-input\":\"required name=search_term_string\"}],\"inLanguage\":\"ckb\"},{\"@type\":\"WebPage\",\"@id\":\"https:\/\/www.bhump.org.uk\/useful-contacts\/#webpage\",\"url\":\"https:\/\/www.bhump.org.uk\/useful-contacts\/\",\"name\":\"Bhump | Useful contacts\",\"isPartOf\":{\"@id\":\"https:\/\/www.bhump.org.uk\/#website\"},\"datePublished\":\"2021-06-09T21:58:51+00:00\",\"dateModified\":\"2021-07-01T10:27:37+00:00\",\"breadcrumb\":{\"@id\":\"https:\/\/www.bhump.org.uk\/useful-contacts\/#breadcrumb\"},\"inLanguage\":\"ckb\",\"potentialAction\":[{\"@type\":\"ReadAction\",\"target\":[\"https:\/\/www.bhump.org.uk\/useful-contacts\/\"]}]},{\"@type\":\"BreadcrumbList\",\"@id\":\"https:\/\/www.bhump.org.uk\/useful-contacts\/#breadcrumb\",\"itemListElement\":[{\"@type\":\"ListItem\",\"position\":1,\"name\":\"Home\",\"item\":\"https:\/\/www.bhump.org.uk\/\"},{\"@type\":\"ListItem\",\"position\":2,\"name\":\"Useful contacts\"}]},{\"@type\":\"Person\",\"@id\":\"https:\/\/www.bhump.org.uk\/#\/schema\/person\/1c8be491a95009520109f99784a92cb1\",\"name\":\"Freda\",\"image\":{\"@type\":\"ImageObject\",\"@id\":\"https:\/\/www.bhump.org.uk\/#personlogo\",\"inLanguage\":\"ckb\",\"url\":\"https:\/\/secure.gravatar.com\/avatar\/d2bb4babfce21a780dbb733609419e97?s=96&d=mm&r=g\",\"contentUrl\":\"https:\/\/secure.gravatar.com\/avatar\/d2bb4babfce21a780dbb733609419e97?s=96&d=mm&r=g\",\"caption\":\"Freda\"}}]}<\/script>\n<!-- \/ Yoast SEO plugin. -->","_links":{"self":[{"href":"https:\/\/www.bhump.org.uk\/ku\/wp-json\/wp\/v2\/pages\/277340"}],"collection":[{"href":"https:\/\/www.bhump.org.uk\/ku\/wp-json\/wp\/v2\/pages"}],"about":[{"href":"https:\/\/www.bhump.org.uk\/ku\/wp-json\/wp\/v2\/types\/page"}],"author":[{"embeddable":true,"href":"https:\/\/www.bhump.org.uk\/ku\/wp-json\/wp\/v2\/users\/9"}],"replies":[{"embeddable":true,"href":"https:\/\/www.bhump.org.uk\/ku\/wp-json\/wp\/v2\/comments?post=277340"}],"version-history":[{"count":35,"href":"https:\/\/www.bhump.org.uk\/ku\/wp-json\/wp\/v2\/pages\/277340\/revisions"}],"predecessor-version":[{"id":278867,"href":"https:\/\/www.bhump.org.uk\/ku\/wp-json\/wp\/v2\/pages\/277340\/revisions\/278867"}],"wp:attachment":[{"href":"https:\/\/www.bhump.org.uk\/ku\/wp-json\/wp\/v2\/media?parent=277340"}],"curies":[{"name":"wp","href":"https:\/\/api.w.org\/{rel}","templated":true}]}}