{"id":277342,"date":"2021-06-09T21:59:06","date_gmt":"2021-06-09T21:59:06","guid":{"rendered":"https:\/\/www.bhump.org.uk\/?page_id=277342"},"modified":"2021-07-11T17:34:35","modified_gmt":"2021-07-11T17:34:35","slug":"covid-update","status":"publish","type":"page","link":"https:\/\/www.bhump.org.uk\/ku\/covid-update\/","title":{"rendered":"Covid Rojanekirin"},"content":{"rendered":"<div data-elementor-type=\"wp-page\" data-elementor-id=\"277342\" class=\"elementor elementor-277342\" data-elementor-settings=\"[]\">\n\t\t\t\t\t\t<div class=\"elementor-inner\">\n\t\t\t\t\t\t\t<div class=\"elementor-section-wrap\">\n\t\t\t\t\t\t\t<section class=\"has_ae_slider elementor-section elementor-top-section elementor-element elementor-element-55243ea elementor-section-stretched elementor-section-boxed elementor-section-height-default elementor-section-height-default ae-bg-gallery-type-default\" data-particle_enable=\"false\" data-particle-mobile-disabled=\"false\" data-id=\"55243ea\" data-element_type=\"section\" data-settings=\"{&quot;stretch_section&quot;:&quot;section-stretched&quot;}\">\n\t\t\t\t\t\t<div class=\"elementor-container elementor-column-gap-no\">\n\t\t\t\t\t\t\t<div class=\"elementor-row\">\n\t\t\t\t\t<div class=\"has_ae_slider elementor-column elementor-col-100 elementor-top-column elementor-element elementor-element-bf2569b ae-bg-gallery-type-default\" data-id=\"bf2569b\" data-element_type=\"column\">\n\t\t\t<div class=\"elementor-column-wrap elementor-element-populated\">\n\t\t\t\t\t\t\t<div class=\"elementor-widget-wrap\">\n\t\t\t\t\t\t<div class=\"elementor-element elementor-element-16761be elementor-widget elementor-widget-eael-adv-accordion\" data-id=\"16761be\" data-element_type=\"widget\" data-widget_type=\"eael-adv-accordion.default\">\n\t\t\t\t<div class=\"elementor-widget-container\">\n\t\t\t        <div class=\"eael-adv-accordion\" id=\"eael-adv-accordion-16761be\" data-accordion-id=\"16761be\" data-accordion-type=\"toggle\" data-toogle-speed=\"300\">\n    <div class=\"eael-accordion-list\">\n                <div id=\"elementor-tab-title-2351\" class=\"elementor-tab-title eael-accordion-header\" tabindex=\"2351\" data-tab=\"1\" role=\"tab\" aria-controls=\"elementor-tab-content-2351\"><i aria-hidden=\"true\" class=\"fa-toggle fas fa-angle-right\"><\/i><span class=\"eael-accordion-tab-title\">HEZ\u00ceRAN 2021<\/span><i aria-hidden=\"true\" class=\"fa-accordion-icon fas fa-plus\"><\/i><\/div><div id=\"elementor-tab-content-2351\" class=\"eael-accordion-content clearfix\" data-tab=\"1\" role=\"tabpanel\" aria-labelledby=\"elementor-tab-title-2351\"><p><p>BHUMP li West Drayton pi\u015fta xwe dide r\u00fb bi r\u00fb. P\u00eadiv\u00ee ye ku hem\u00ee veqetandin bi hi\u015fk\u00ee ten\u00ea bi randev\u00fby\u00ea be. Em \u00ea n\u00eaz\u00eekatiyek tevlihev bikar b\u00eenin da ku ders\u00ean serh\u00eal h\u00een j\u00ee ji bo kes\u00ean ku wan terc\u00eeh dikin berdewam bikin.<\/p><p>Ji bo ewlehiya hem\u00ee ciwan \u00fb xebatkar\u00ean me, h\u00fbn \u00ea nikaribin be\u015fdar\u00ee f\u00earb\u00fbna r\u00fbbir\u00fb bibin heya ku em encam\u00ean testek ney\u00een\u00ee negirin. Beriya her ders\u00ea ceribandinek domdar d\u00ea hewce be da ku ciwan karibin xwe bigih\u00eenin avahiy\u00ea ji bo ders\u00ean r\u00fb bi r\u00fb. Ji bo kes\u00ean ku dixwazin h\u00eenb\u00fbna serh\u00eal bidom\u00eenin, ne hewce ye ku h\u00fbn ti\u015ftek bikin, h\u00fbn ten\u00ea dikarin wek\u00ee normal berdewam bikin, \u00fb wek\u00ee normal t\u00eakevin.\u00a0<\/p><p>Ger h\u00fbn dixwazin ji bo dersan an pi\u015ftgir\u00eeyek werin of\u00ees\u00ea, h\u00fbn \u00ea hewce bikin\u00a0<strong>wext\u00ea (randev\u00fby\u00ea) ku t\u00ea de veqet\u00eene<\/strong>. H\u00fbn hewce ne ku v\u00ea yek\u00ea her\u00ee k\u00eam 1 roj beriya ders\u00ea bikin. Hem\u00ee veqetandin\u00ean r\u00fbbi-r\u00fb d\u00ea li ser bingeha yekem-p\u00ea\u015f-xizmetkar be. Ji bo veqetandina ders\u00ea, e-namey\u00ea\u00a0<a href=\"mailto:admin@bhump.org.uk\">admin@bhump.org.uk<\/a>\u00a0an j\u00ee bi chat koma BHUMP WhatsApp re peyamek bi\u015f\u00eenin.\u00a0<\/p><p>H\u00fbn \u00ea nikaribin ten\u00ea bizivirin ji ber ku em ten\u00ea dikarin a <strong>hejmarek s\u00eenorkir\u00ee ya xwendekaran di pol\u00ea de\u00a0<\/strong>ji ber ewlehiya coronavirus. Ji ber v\u00ea yek\u00ea z\u00fb pirt\u00fbk bikin da ku ji b\u00eah\u00eav\u00eeb\u00fbn\u00ea d\u00fbr nekevin.<\/p><p>Ber\u00ee ku h\u00fbn werin of\u00ees\u00ea ji bo ders\u00ea h\u00fbn hewce ne ku a\u00a0<strong>test herik\u00eena lateral<\/strong>\u00a0da ku em bizanin ku tu y\u00ee\u00a0<strong>NEBA\u015e<\/strong>\u00a0v\u00eerusa koronay\u00ea ber\u00ee ku were pol\u00ea.<\/p><p>Ji bo ku h\u00fbn ceribandinek herik\u00eena pa\u015f\u00een a bela\u015f bist\u00eenin, bi xebatkar\u00ea xweya civak\u00ee\/kil\u00eet an j\u00ee karmend\u00ea bic\u00eehkirin\u00ea re bipeyivin ku d\u00ea v\u00ea yek\u00ea ji we re saz bikin. Her weha h\u00fbn dikarin bi niv\u00eesandina koda posta xwe ya di l\u00eenka j\u00ear\u00een de serdana k\u00eemyazan\u00ea her\u00ee n\u00eaz\u00ea mala xwe bikin:<\/p><p><a href=\"https:\/\/maps.test-and-trace.nhs.uk\/\">https:\/\/maps.test-and-trace.nhs.uk\/<\/a><\/p><p>Gava ku h\u00fbn di\u00e7in k\u00eemyager\u00ea xwe, ew \u00ea rave bikin ka meriv \u00e7awa ceribandin\u00ea dike, an j\u00ee h\u00fbn dikarin bi karan\u00eena zenc\u00eereya j\u00ear\u00een ceribandinek herik\u00eena pa\u015f\u00een a xaniy\u00ea xwe bidin:<\/p><p><a href=\"https:\/\/www.gov.uk\/order-coronavirus-rapid-lateral-flow-tests\">https:\/\/www.gov.uk\/order-coronavirus-rapid-lateral-flow-tests<\/a><\/p><\/p><\/div>\n                <\/div><div class=\"eael-accordion-list\">\n                <div id=\"elementor-tab-title-2352\" class=\"elementor-tab-title eael-accordion-header\" tabindex=\"2352\" data-tab=\"2\" role=\"tab\" aria-controls=\"elementor-tab-content-2352\"><i aria-hidden=\"true\" class=\"fa-toggle fas fa-angle-right\"><\/i><span class=\"eael-accordion-tab-title\">ADAR 2020<\/span><i aria-hidden=\"true\" class=\"fa-accordion-icon fas fa-plus\"><\/i><\/div><div id=\"elementor-tab-content-2352\" class=\"eael-accordion-content clearfix\" data-tab=\"2\" role=\"tabpanel\" aria-labelledby=\"elementor-tab-title-2352\"><p><p>Of\u00eesa me girt\u00ee, tev\u00ee hem\u00ee pi\u015ftgir\u00eeya r\u00fb bi r\u00fb ji xer\u00eedar\u00ean jixwe xeternak re.<\/p><p>Diviyab\u00fb ku em j\u00eahat\u00ee bin \u00fb bilez \u00e7alakiy\u00ean ku di derbar\u00ea t\u00eakiliya civak\u00ee de b\u00fbn li d\u00fbr biguhez\u00eenin da ku me bikaribe bi riya pandemiy\u00ea re peydakirina berdewam bike, h\u00een j\u00ee hewcedariy\u00ean ciwanan bic\u00eeh b\u00eenin ji ber ku rawestandina kar\u00fbbaran bi tevah\u00ee di dema kr\u00eez\u00ea de ne vebijarkek b\u00fb dema ku pi\u015ftgir\u00ee pir hewce b\u00fb.<\/p><p>\u00a0<\/p><p><strong>\u00c7alakiy\u00ean ji d\u00fbr ve t\u00eane peyda kirin:<\/strong><\/p><p>ESOL, Maths, bi zoom 4 roj\u00ean heftey\u00ea.<\/p><p>Kontrol\u00ean heftane y\u00ean t\u00ealefon\u00ea y\u00ean refah\u00ea ji bo ar\u00eekariya t\u00eako\u015f\u00eena li dij\u00ee tecr\u00eed\u00ea \u00fb<\/p><p>Kar\u00fbbar\u00ean jiyan\u00ea, atolyey\u00ean bextewariy\u00ea. \u015e\u00eereta COVID, n\u00eeqa\u015fkirina pirsgir\u00eak\u00ean der\u00fbn\u00ee-tendurist\u00ee, seri\u015fteyan<\/p><p>Hem\u00ee \u00e7alakiy\u00ean ku ji bo avakirina p\u00eabaweriy\u00ea hatine \u00e7\u00eakirin, ji bo parvekirin \u00fb p\u00ea\u015fkeftin\u00ea fersend\u00ean ewle peyda dikin ku entegrasyon\u00ea di civaka Br\u00eetan\u00ee de p\u00eak t\u00eene.<\/p><\/p><\/div>\n                <\/div><div class=\"eael-accordion-list\">\n                <div id=\"elementor-tab-title-2353\" class=\"elementor-tab-title eael-accordion-header\" tabindex=\"2353\" data-tab=\"3\" role=\"tab\" aria-controls=\"elementor-tab-content-2353\"><i aria-hidden=\"true\" class=\"fa-toggle fas fa-angle-right\"><\/i><span class=\"eael-accordion-tab-title\">AGAHIYA COVID<\/span><i aria-hidden=\"true\" class=\"fa-accordion-icon fas fa-plus\"><\/i><\/div><div id=\"elementor-tab-content-2353\" class=\"eael-accordion-content clearfix\" data-tab=\"3\" role=\"tabpanel\" aria-labelledby=\"elementor-tab-title-2353\"><p><div><p><b>Nexwe\u015fiya Coronavirus (COVID-19) nexwe\u015fiyek infeksiyon\u00ea ye ku ji h\u00eala coronavirusek n\u00fb ve hat\u00ee ved\u00eetin \u00e7\u00eadibe.<\/b><\/p><\/div><div><p>Piraniya kes\u00ean ku bi v\u00eerusa COVID-19 vegirtine d\u00ea bi nexwe\u015fiya nefes\u00ea ya sivik heta nav\u00een re r\u00fb bi r\u00fb bim\u00eenin \u00fb b\u00eay\u00ee hewcedariya dermankirina taybet\u00ee sax bibin. Kes\u00ean p\u00eer, \u00fb y\u00ean ku pirsgir\u00eak\u00ean bij\u00eejk\u00ee y\u00ean bingeh\u00een \u00ean m\u00eena nexwe\u015fiya dil, \u015fekir, nexwe\u015fiya kron\u00eek a nefes\u00ea, \u00fb kanser\u00ea hene, pirtir dibe ku nexwe\u015fiy\u00ean giran p\u00ea\u015fve bibin.<\/p><\/div><div><p>R\u00eaya her\u00ee ba\u015f a p\u00ea\u015f\u00eel\u00eagirtin \u00fb h\u00ead\u00eekirina veguheztin\u00ea ew e ku meriv li ser v\u00eerusa COVID-19, nexwe\u015fiya ku ew \u00e7\u00eadike \u00fb \u00e7awa belav dibe ba\u015f agahdar be. Xwe \u00fb y\u00ean din ji enfeksiyon\u00ea bipar\u00eazin bi \u015fu\u015ftina dest\u00ean xwe an bi karan\u00eena pir caran r\u00fbb\u00ean alkol\u00ea \u00fb nehi\u015ftina r\u00fby\u00ea xwe.\u00a0<span class=\"apple-converted-space\">\u00a0<\/span><\/p><\/div><div><p>V\u00eer\u00fbsa COVID-19 di ser\u00ee de bi dilop\u00ean saliva an rijandina ji poz belav dibe dema ku kesek vegirt\u00ee dikuxe an bipi\u015fk\u00ea, ji ber v\u00ea yek\u00ea gir\u00eeng e ku h\u00fbn et\u00eeket\u00ean nefes\u00ea j\u00ee bime\u015f\u00eenin (m\u00eenak, bi kux\u00eena nav \u00e7engek ziravkir\u00ee).<\/p><\/div><\/p><\/div>\n                <\/div><div class=\"eael-accordion-list\">\n                <div id=\"elementor-tab-title-2354\" class=\"elementor-tab-title eael-accordion-header\" tabindex=\"2354\" data-tab=\"4\" role=\"tab\" aria-controls=\"elementor-tab-content-2354\"><i aria-hidden=\"true\" class=\"fa-toggle fas fa-angle-right\"><\/i><span class=\"eael-accordion-tab-title\">SYMPTONS<\/span><i aria-hidden=\"true\" class=\"fa-accordion-icon fas fa-plus\"><\/i><\/div><div id=\"elementor-tab-content-2354\" class=\"eael-accordion-content clearfix\" data-tab=\"4\" role=\"tabpanel\" aria-labelledby=\"elementor-tab-title-2354\"><p><p><strong>N\u00ee\u015faney\u00ean sereke y\u00ean coronavirus (COVID-19) ev in:<\/strong><\/p><p>germah\u00eeya bilind - ev t\u00ea v\u00ea watey\u00ea ku h\u00fbn germ\u00ea bi dest bixin li s\u00eeng\u00ea an pi\u015fta xwe (ne hewce ne ku h\u00fbn germahiya xwe bip\u00eevin)<\/p><p>kuxek n\u00fb \u00fb berdewam - ev t\u00ea w\u00ea watey\u00ea ku ji saetek\u00ea z\u00eadetir, an j\u00ee 3 an j\u00ee b\u00eatir kuxik\u00ea di 24 saetan de (heke bi gelemper\u00ee kuxek we hebe, dibe ku ji ya ber\u00ea xerabtir be)<\/p><p>windab\u00fbn an guheztina hesta b\u00eehn\u00ea an tama xwe - ev t\u00ea v\u00ea watey\u00ea ku we d\u00eetiye ku h\u00fbn nikarin ti\u015ftek\u00ee b\u00eehn bikin an tam bikin, an ti\u015ft\u00ean ku b\u00eahn an tama xwe ji normal\u00ea cuda dikin<\/p><\/p><\/div>\n                <\/div><div class=\"eael-accordion-list\">\n                <div id=\"elementor-tab-title-2355\" class=\"elementor-tab-title eael-accordion-header\" tabindex=\"2355\" data-tab=\"5\" role=\"tab\" aria-controls=\"elementor-tab-content-2355\"><i aria-hidden=\"true\" class=\"fa-toggle fas fa-angle-right\"><\/i><span class=\"eael-accordion-tab-title\">\u00c7I BIKIN HEKE HEB\u00dbN\u00caN TE HEBIN<\/span><i aria-hidden=\"true\" class=\"fa-accordion-icon fas fa-plus\"><\/i><\/div><div id=\"elementor-tab-content-2355\" class=\"eael-accordion-content clearfix\" data-tab=\"5\" role=\"tabpanel\" aria-labelledby=\"elementor-tab-title-2355\"><p><p>Ger we yek ji n\u00ee\u015fan\u00ean sereke y\u00ean COVID-19 hebin, her \u00e7end ew sivik bin j\u00ee:<\/p><p>Testek PCR (testa ku ji laborat\u00fbvarek\u00ea re t\u00ea \u015fandin) bist\u00eenin da ku h\u00fbn bi z\u00fbtir\u00een dem kontrol bikin ka we COVID-19 heye.<\/p><p>H\u00fbn \u00fb her kes\u00ea ku h\u00fbn p\u00ea re dij\u00een div\u00ea li mal\u00ea bim\u00eenin \u00fb heya ku h\u00fbn encama ceribandina xwe negirin nebin m\u00eavan - ten\u00ea ji mala xwe derkevin da ku ceribandinek bikin.<\/p><p>Z\u00eadetir f\u00ear bibin <a href=\"https:\/\/www.nhs.uk\/conditions\/coronavirus-covid-19\/symptoms\/main-symptoms\/#symptoms\">www.nhs.uk<\/a><\/p><p>\u00a0<\/p><\/p><\/div>\n                <\/div><div class=\"eael-accordion-list\">\n                <div id=\"elementor-tab-title-2356\" class=\"elementor-tab-title eael-accordion-header\" tabindex=\"2356\" data-tab=\"6\" role=\"tab\" aria-controls=\"elementor-tab-content-2356\"><i aria-hidden=\"true\" class=\"fa-toggle fas fa-angle-right\"><\/i><span class=\"eael-accordion-tab-title\">BERGIRTIN\u00ce<\/span><i aria-hidden=\"true\" class=\"fa-accordion-icon fas fa-plus\"><\/i><\/div><div id=\"elementor-tab-content-2356\" class=\"eael-accordion-content clearfix\" data-tab=\"6\" role=\"tabpanel\" aria-labelledby=\"elementor-tab-title-2356\"><p><p><strong>Ji bo p\u00ea\u015f\u00eegirtina enfeksiyon\u00ea \u00fb h\u00ead\u00ee h\u00ead\u00ee veguhestina COVID-19, j\u00ear\u00een bikin:<\/strong><\/p><ul><li>Dest\u00ean xwe bi r\u00eak\u00fbp\u00eak bi sab\u00fbn \u00fb av\u00ea bi\u015fon, an j\u00ee wan bi ma\u00e7a destan a alkol\u00ea paqij bikin.<\/li><li>Di navbera we \u00fb kes\u00ean ku dikux\u00eenin an j\u00ee dipi\u015fkin de her\u00ee k\u00eam 1 metre d\u00fbr\u00ee bigirin.<\/li><li>D\u00fbr dest\u00ea xwe bidin r\u00fby\u00ea xwe.<\/li><li>Dev \u00fb poz\u00ea xwe dema kux\u00een an j\u00ee pi\u015fik\u00ea bip\u00eajin.<\/li><li>Ger h\u00fbn xwe neba\u015f h\u00ees bikin li mal\u00ea bim\u00eenin.<\/li><li>Ji ki\u015fandina cixarey\u00ea \u00fb \u00e7alakiy\u00ean din \u00ean ku pi\u015fik\u00ea qels dikin, d\u00fbr bisekinin.<\/li><li>D\u00fbrb\u00fbna la\u015f\u00ee prat\u00eek bikin \u00fb ji r\u00eaw\u00eetiy\u00ean nehewce d\u00fbr bixin \u00fb ji kom\u00ean mezin \u00ean mirovan d\u00fbr bim\u00eenin.\u00a0<\/li><\/ul><\/p><\/div>\n                <\/div><div class=\"eael-accordion-list\">\n                <div id=\"elementor-tab-title-2357\" class=\"elementor-tab-title eael-accordion-header\" tabindex=\"2357\" data-tab=\"7\" role=\"tab\" aria-controls=\"elementor-tab-content-2357\"><i aria-hidden=\"true\" class=\"fa-toggle fas fa-angle-right\"><\/i><span class=\"eael-accordion-tab-title\">COVID - 19 \u00c7AWA T\u00ca Veguheztin<\/span><i aria-hidden=\"true\" class=\"fa-accordion-icon fas fa-plus\"><\/i><\/div><div id=\"elementor-tab-content-2357\" class=\"eael-accordion-content clearfix\" data-tab=\"7\" role=\"tabpanel\" aria-labelledby=\"elementor-tab-title-2357\"><p><ul><li>V\u00eerus dema ku dikuxe, pi\u015fmik, axaftin, stran an nefes\u00ea dist\u00eene dikare ji dev\u00ea an poz\u00ea kes\u00ea vegirt\u00ee bi per\u00e7ey\u00ean \u015fil \u00ean pi\u00e7\u00fbk belav bibe. Van per\u00e7eyan ji dilop\u00ean nefes\u00ea y\u00ean mezin bigire heya aerosol\u00ean pi\u00e7\u00fbktir.<\/li><li>Di heman dem\u00ea de dibe ku mirov dema ku dest li \u00e7av, poz an dev\u00ea xwe dikin b\u00eay\u00ee ku dest\u00ean xwe paqij bikin, bi destdana r\u00fbber\u00ean ku ji h\u00eala v\u00eerus\u00ea ve hatine vegirtin vegirt\u00ee bibin.<\/li><\/ul><h1>\u00a0<\/h1><h1>V\u00eedyoya j\u00ear\u00een ji h\u00eala R\u00eaxistina Tenduristiy\u00ea ya C\u00eehan\u00ea ve li ser tema\u015fe bikin<\/h1><h1><a href=\"https:\/\/youtu.be\/oqFn6AHoJZQ\">V\u00eer\u00fbsa COVID-19 \u00e7awa t\u00ea veguheztin.<\/a><\/h1><\/p><\/div>\n                <\/div><div class=\"eael-accordion-list\">\n                <div id=\"elementor-tab-title-2358\" class=\"elementor-tab-title eael-accordion-header\" tabindex=\"2358\" data-tab=\"8\" role=\"tab\" aria-controls=\"elementor-tab-content-2358\"><i aria-hidden=\"true\" class=\"fa-toggle fas fa-angle-right\"><\/i><span class=\"eael-accordion-tab-title\">AL\u00ceKAR\u00ce BIGIRIN<\/span><i aria-hidden=\"true\" class=\"fa-accordion-icon fas fa-plus\"><\/i><\/div><div id=\"elementor-tab-content-2358\" class=\"eael-accordion-content clearfix\" data-tab=\"8\" role=\"tabpanel\" aria-labelledby=\"elementor-tab-title-2358\"><p><p><strong>Al\u00eekariya NHS 111 bist\u00eenin heke:<\/strong><\/p><ul><li>H\u00fbn ji n\u00ee\u015fan\u00ean xwe bi fikar in<\/li><li>H\u00fbn nebawer in ku \u00e7i bikin<\/li><\/ul><p>\u00a0<\/p><p><strong>Al\u00eekariy\u00ea werdigirin <\/strong><a href=\"https:\/\/111.nhs.uk\/\"><strong>NHS 111 serh\u00eal<\/strong><\/a><\/p><p>\u00a0<\/p><ul><li>Ger h\u00fbn nikaribin al\u00eekariy\u00ea bi serh\u00eal bist\u00eenin telefon bikin 111.<\/li><\/ul><p>\u00a0<\/p><ul><li>Ne\u00e7in cih\u00ean wek emeliyata GP, nexwe\u015fxane an dermanxane.<\/li><\/ul><\/p><\/div>\n                <\/div><\/div>\t\t<\/div>\n\t\t\t\t<\/div>\n\t\t\t\t\t\t<\/div>\n\t\t\t\t\t<\/div>\n\t\t<\/div>\n\t\t\t\t\t\t\t\t<\/div>\n\t\t\t\t\t<\/div>\n\t\t<\/section>\n\t\t\t\t\t\t<\/div>\n\t\t\t\t\t\t<\/div>\n\t\t\t\t\t<\/div>","protected":false},"excerpt":{"rendered":"<p>JUNE 2021 BHUMP is back to face to face support in West Drayton. All bookings will have to be strictly by appointment only.\u00a0We will utilise a blended approach so the online lessons will still continue for those who prefer them. For the safety of all our young people and staff, you \u00a0will not be able [&hellip;]<\/p>","protected":false},"author":9,"featured_media":0,"parent":0,"menu_order":0,"comment_status":"closed","ping_status":"closed","template":"","meta":[],"yoast_head":"<!-- This site is optimized with the Yoast SEO plugin v16.5 - https:\/\/yoast.com\/wordpress\/plugins\/seo\/ -->\n<title>Bhump | Covid Update<\/title>\n<meta name=\"robots\" content=\"index, follow, max-snippet:-1, max-image-preview:large, max-video-preview:-1\" \/>\n<link rel=\"canonical\" href=\"https:\/\/www.bhump.org.uk\/ku\/covid-update\/\" \/>\n<meta property=\"og:locale\" content=\"en_US\" \/>\n<meta property=\"og:type\" content=\"article\" \/>\n<meta property=\"og:title\" content=\"Bhump | Covid Update\" \/>\n<meta property=\"og:description\" content=\"JUNE 2021 BHUMP is back to face to face support in West Drayton. All bookings will have to be strictly by appointment only.\u00a0We will utilise a blended approach so the online lessons will still continue for those who prefer them. For the safety of all our young people and staff, you \u00a0will not be able [&hellip;]\" \/>\n<meta property=\"og:url\" content=\"https:\/\/www.bhump.org.uk\/ku\/covid-update\/\" \/>\n<meta property=\"og:site_name\" content=\"Bhump\" \/>\n<meta property=\"article:modified_time\" content=\"2021-07-11T17:34:35+00:00\" \/>\n<meta name=\"twitter:card\" content=\"summary_large_image\" \/>\n<meta name=\"twitter:label1\" content=\"Est. reading time\" \/>\n\t<meta name=\"twitter:data1\" content=\"5 \u062e\u0648\u0644\u06d5\u06a9\" \/>\n<script type=\"application\/ld+json\" class=\"yoast-schema-graph\">{\"@context\":\"https:\/\/schema.org\",\"@graph\":[{\"@type\":\"WebSite\",\"@id\":\"https:\/\/www.bhump.org.uk\/#website\",\"url\":\"https:\/\/www.bhump.org.uk\/\",\"name\":\"Bhump\",\"description\":\"\",\"potentialAction\":[{\"@type\":\"SearchAction\",\"target\":\"https:\/\/www.bhump.org.uk\/?s={search_term_string}\",\"query-input\":\"required name=search_term_string\"}],\"inLanguage\":\"ckb\"},{\"@type\":\"WebPage\",\"@id\":\"https:\/\/www.bhump.org.uk\/covid-update\/#webpage\",\"url\":\"https:\/\/www.bhump.org.uk\/covid-update\/\",\"name\":\"Bhump | Covid Update\",\"isPartOf\":{\"@id\":\"https:\/\/www.bhump.org.uk\/#website\"},\"datePublished\":\"2021-06-09T21:59:06+00:00\",\"dateModified\":\"2021-07-11T17:34:35+00:00\",\"breadcrumb\":{\"@id\":\"https:\/\/www.bhump.org.uk\/covid-update\/#breadcrumb\"},\"inLanguage\":\"ckb\",\"potentialAction\":[{\"@type\":\"ReadAction\",\"target\":[\"https:\/\/www.bhump.org.uk\/covid-update\/\"]}]},{\"@type\":\"BreadcrumbList\",\"@id\":\"https:\/\/www.bhump.org.uk\/covid-update\/#breadcrumb\",\"itemListElement\":[{\"@type\":\"ListItem\",\"position\":1,\"name\":\"Home\",\"item\":\"https:\/\/www.bhump.org.uk\/\"},{\"@type\":\"ListItem\",\"position\":2,\"name\":\"Covid Update\"}]}]}<\/script>\n<!-- \/ Yoast SEO plugin. -->","_links":{"self":[{"href":"https:\/\/www.bhump.org.uk\/ku\/wp-json\/wp\/v2\/pages\/277342"}],"collection":[{"href":"https:\/\/www.bhump.org.uk\/ku\/wp-json\/wp\/v2\/pages"}],"about":[{"href":"https:\/\/www.bhump.org.uk\/ku\/wp-json\/wp\/v2\/types\/page"}],"author":[{"embeddable":true,"href":"https:\/\/www.bhump.org.uk\/ku\/wp-json\/wp\/v2\/users\/9"}],"replies":[{"embeddable":true,"href":"https:\/\/www.bhump.org.uk\/ku\/wp-json\/wp\/v2\/comments?post=277342"}],"version-history":[{"count":48,"href":"https:\/\/www.bhump.org.uk\/ku\/wp-json\/wp\/v2\/pages\/277342\/revisions"}],"predecessor-version":[{"id":279032,"href":"https:\/\/www.bhump.org.uk\/ku\/wp-json\/wp\/v2\/pages\/277342\/revisions\/279032"}],"wp:attachment":[{"href":"https:\/\/www.bhump.org.uk\/ku\/wp-json\/wp\/v2\/media?parent=277342"}],"curies":[{"name":"wp","href":"https:\/\/api.w.org\/{rel}","templated":true}]}}