{"id":277099,"date":"2021-06-09T13:51:14","date_gmt":"2021-06-09T13:51:14","guid":{"rendered":"https:\/\/www.bhump.org.uk\/?page_id=277099"},"modified":"2025-09-08T04:46:51","modified_gmt":"2025-09-08T04:46:51","slug":"contact","status":"publish","type":"page","link":"https:\/\/www.bhump.org.uk\/lt\/contact\/","title":{"rendered":"kontaktas"},"content":{"rendered":"<p>D\u0117kojame, kad apsilank\u0117te m\u016bs\u0173 svetain\u0117je. Jei nor\u0117tum\u0117te gauti daugiau informacijos apie Hillingdono pab\u0117g\u0117li\u0173 paramos grup\u0119, m\u016bs\u0173 paslaugas, projektus arba turite bendr\u0173 klausim\u0173 ar komentar\u0173, nedvejodami susisiekite su mumis:<\/p>\n<h6>Telefonu:<\/h6>\n<p>Skambinkite numeriu 01895 434 728 nuo pirmadienio iki penktadienio, nuo 9.00 iki 16.00 val.<\/p>\n<h6>Elektroniniu pa\u0161tu:<\/h6>\n<p>Lai\u0161kus pra\u0161ome si\u0173sti adresu:\u00a0<a href=\"mailto:enquiries@hrsg.org.uk\">enquiries@hrsg.org.uk<\/a>.<\/p>\n<h6>Arba:<\/h6>\n<p>Galite atsi\u0173sti mums prane\u0161im\u0105 naudodami toliau pateikt\u0105 internetin\u0119 u\u017eklausos form\u0105.<\/p>\n<style type=\"text\/css\" id=\"100\" data-form-unique-id=\"31220\" >.arf_form_outer_wrapper.ar_main_div_100 .arf_fieldset .formdescription_style{\n\/*place your css code for form's description*\/\n}<\/style><div class=\"arf_form ar_main_div_100 arf_form_outer_wrapper\" id=\"arffrm_100_container\"><div id=\"arf_message_success_popup\" style=\"display:none;\"><div class=\"msg-detail\"><div class=\"msg-description-success\">D\u0117kojame, kad u\u017epild\u0117te \u0161i\u0105 parai\u0161k\u0105.<br>Hillingdon Refugee Support Group, Key House, 106 High Street, West Drayton, Middlesex, UB7 7BQ<\/div><\/div><\/div><form enctype=\"multipart\/form-data\" method=\"post\" class=\"arfshowmainform\" style=\"\" data-form-id=\"form_uxcbzm\"  novalidate=\"\" data-id=\"31220\"  data-random-id=\"100_Bmp38MryUn\"  data-submission-key=\"0gK6Plcq\"  data-key-validate=\"false\"  data-popup-id=\"\" action=\"\"><input type='text' name='arf_filter_input' data-jqvalidate='false' data-random-key='100_Bmp38MryUn' value='' style='opacity:0 !important;display:none !important;visibility:hidden !important;' \/><input type='hidden' id='arf_ajax_url' value='https:\/\/www.bhump.org.uk\/wp-admin\/admin-ajax.php' \/><input type=\"hidden\" data-jqvalidate=\"false\" class=\"kpress\" value=\"\" \/><input type=\"hidden\" data-jqvalidate=\"false\" class=\"stime\" value=\"1776535132\" \/><input type=\"hidden\" data-jqvalidate=\"false\" data-id=\"nonce_start_time\" class=\"nonce_start_time\" value=\"form_filter_st\" \/><input type=\"hidden\" data-jqvalidate=\"false\" data-id=\"nonce_keyboard_press\" class=\"nonce_keyboard_press\" value=\"form_filter_kp\" \/><input type=\"hidden\" data-jqvalidate=\"false\" data-id=\"arm_nonce_check\" name=\"arm_nonce_check\" value=\"62b2efab43\" \/><input type=\"hidden\" data-jqvalidate=\"false\" name=\"arf_redirect_url_to\" id=\"arf_redirect_url_to\" value=\"same_tab\" \/><input type=\"hidden\" data-jqvalidate=\"false\" name=\"arf_browser_name\" data-id=\"arf_browser_name\" data-version=\"unknown\" value=\"Unknown\" \/><input type=\"hidden\" data-jqvalidate=\"false\" name=\"arforms_nonce\" id=\"arforms_nonce\" value=\"937caf41ab\" \/><input type=\"hidden\" data-jqvalidate=\"false\" name=\"arf_file_token_100\" id=\"arf_file_token_100\" value=\"VLCfadr56F\" \/><input type=\"hidden\" data-jqvalidate=\"false\" name=\"upload_field_id_100_31220\" id=\"upload_field_id_100_31220\" value=\"\" \/><input type=\"hidden\" data-jqvalidate=\"false\" name=\"arfdecimal_separator\" data-id=\"arfdecimal_separator\" value=\".\" \/><input type=\"hidden\" data-jqvalidate=\"false\" name=\"arfform_date_formate_100\" data-id=\"arfform_date_formate_100\" value=\"MMM D, YYYY\" \/><input type=\"hidden\" data-jqvalidate=\"false\" name=\"form_key_100\" data-id=\"form_key_100\" value=\"uxcbzm\" \/><input type=\"hidden\" data-jqvalidate=\"false\" name=\"arf_success_message_show_time_100\" data-id=\"arf_success_message_show_time_100\" value=\"3\" \/><input type=\"hidden\" data-jqvalidate=\"false\" name=\"arf_form_hide_after_submit_100\" data-id=\"arf_form_hide_after_submit_100\" value=\"1\" \/><input type=\"hidden\" data-jqvalidate=\"false\" name=\"is_form_preview_100\" data-id=\"is_form_preview_100\" value=\"\" \/><input type=\"hidden\" data-jqvalidate=\"false\" name=\"arf_validate_outside_100\" data-id=\"arf_validate_outside_100\" data-validate=\"0\" value=\"0\" \/><input type=\"hidden\" data-jqvalidate=\"false\" name=\"arf_is_validate_outside_100\" data-id=\"arf_is_validate_outside_100\" data-validate=\"0\" value=\"0\" \/><input type=\"hidden\" data-jqvalidate=\"false\" name=\"arf_is_resetform_aftersubmit_100\" data-id=\"arf_is_resetform_aftersubmit_100\" value=\"1\" \/><input type=\"hidden\" data-jqvalidate=\"false\" name=\"arf_is_resetform_outside_100\" data-id=\"arf_is_resetform_outside_100\" value=\"0\" \/><input type=\"hidden\" data-jqvalidate=\"false\" name=\"arf_form_enable_cookie_100\" data-id=\"arf_form_enable_cookie_100\" value=\"\" \/><input type=\"hidden\" data-jqvalidate=\"false\" name=\"arf_tooltip_settings_100\" data-id=\"arf_tooltip_settings_100\" class=\"arf_front_tooltip_settings\" data-form-id=\"100\" data-color=\"#FFFFFF\" data-position=\"top\" data-width=\"\" data-bg-color=\"#000000\" \/><input type=\"hidden\" data-jqvalidate=\"false\" name=\"form_tooltip_error_100\" data-id=\"form_tooltip_error_100\" data-color=\"\" data-position=\"bottom\" value=\"advance\" \/><input type=\"text\" data-jqvalidate=\"false\" name=\"fake_text\" data-id=\"fake_text\" value=\"\" style=\"height:0 !important; margin:0 !important; opacity: 0 !important; filter:alpha(opacity=0); padding:0 !important; width:0 !important; float:left;\" \/><input type=\"hidden\" data-jqvalidate=\"false\" name=\"arfaction\" value=\"create\" \/><input type=\"hidden\" data-jqvalidate=\"false\" name=\"form_id\" data-id=\"form_id\" value=\"100\" \/><input type=\"hidden\" data-jqvalidate=\"false\" name=\"form_data_id\" data-id=\"form_data_id\" value=\"31220\" \/><input type=\"hidden\" data-jqvalidate=\"false\" name=\"form_key\" data-id=\"form_key\" value=\"uxcbzm\" \/><input type=\"hidden\" data-jqvalidate=\"false\" name=\"is_load_js_and_css_in_all_pages\" data-id=\"is_load_js_and_css_in_all_pages\" value=\"0\" \/><input type=\"hidden\" data-jqvalidate=\"false\" name=\"form_display_type\" data-id=\"form_display_type\" value=\"0|https:\/\/www.bhump.org.uk\/lt\/contact\/\" \/><input type=\"hidden\" data-jqvalidate=\"false\" name=\"form_submit_type\" data-id=\"form_submit_type\" value=\"1\" \/><input type=\"hidden\" data-jqvalidate=\"false\" name=\"arf_http_referrer_url\" data-id=\"arf_http_referrer_url\" value=\"\" \/><input type=\"hidden\" data-jqvalidate=\"false\" name=\"entry_key\" value=\"\" \/><div class=\"allfields\"  style=\"visibility:hidden;height:0;\"><div class=\"arf_fieldset arf_standard_form\" id=\"arf_fieldset_31220\"><div id=\"page_0\" class=\"page_break\"><div id=\"arf_field_120_31220_container\" class=\"arfformfield control-group arfmainformfield  arffieldrequired arf_field_type_text  top_container top_container arfformfield frm_first_half  arf_field_120\"  style='width: 48.114%' data-field-type=\"text\" data-parent_field=\"0\" ><label data-type=\"text\" for=\"field_pc6dyc_31220\" class=\"arf_main_label arf_main_label_18px\">vardas<span class=\"arfcheckrequiredfield\">*<\/span><\/label><div class=\"controls\"   ><input   type=\"text\" id=\"field_pc6dyc_31220\"  name=\"item_meta[120]\"  class=\"arf_required\" data-validation-required-message=\"This field cannot be blank.\"   \/><\/div><\/div><div class=\"arf_half_middle\"><\/div><div id=\"arf_field_121_31220_container\" class=\"arfformfield control-group arfmainformfield  arffieldrequired arf_field_type_email  top_container   top_container arfformfield frm_last_half arf_field_121\"  style='width: 48.243%'  data-field-type=\"email\" data-parent_field=\"0\"><label data-type=\"email\" for=\"field_efm6bb_31220\" class=\"arf_main_label arf_main_label_18px\">El. pa\u0161tas<span class=\"arfcheckrequiredfield\">*<\/span><\/label><div class=\"controls\"   ><input type=\"text\" id=\"field_efm6bb_31220\" name=\"item_meta[121]\"  class=\"arf_required\" data-validation-required-message=\"This field cannot be blank.\"  data-validation-regex-regex=\"[A-Za-z0-9._%+-]+@[A-Za-z0-9.-]+\\.[A-Za-z]+\" data-validation-regex-message=\"Email is invalid\"  \/><\/div><\/div><div style=\"clear:both;\"><\/div><div id=\"arf_field_122_31220_container\" class=\"arfformfield control-group arfmainformfield  arffieldrequired arf_field_type_textarea  top_container top_container arfformfield   arf_field_122\"  style='width: 100%'  data-field-type=\"textarea\" data-parent_field=\"0\"><label data-type=\"textarea\" for=\"field_62nnzs_31220\" class=\"arf_main_label arf_main_label_18px\">Prane\u0161imas<span class=\"arfcheckrequiredfield\">*<\/span><\/label><div class=\"controls\"   ><textarea name=\"item_meta[122]\" id=\"field_62nnzs_31220\"  rows=\"3\"  class=\"arf_required\" data-validation-required-message=\"This field cannot be blank.\"  ><\/textarea><\/div><\/div><div style=\"clear:both;\"><\/div><div style=\"clear:both;height:1px;\">&nbsp;<\/div><\/div><!-- page_break && page_0--><div class=\"arfsubmitbutton top_container\" ><div class=\"arf_submit_div  top_container\"><input type=\"hidden\" data-jqvalidate=\"false\" value=\"1\" name=\"is_submit_form_100\" data-id=\"is_submit_form_100\" \/><input type=\"hidden\" data-jqvalidate=\"false\" value=\"0\" data-val=\"0\" data-max=\"0\" name=\"submit_form_100\" data-id=\"submit_form_100\" \/><button class=\"arf_submit_btn  arf_submit_btn_flat   btn-info arfstyle-button  unknown\"  id=\"arf_submit_btn_31220\" name=\"arf_submit_btn_31220\" data-style=\"zoom-in\"  ><span class=\"arfsubmitloader\"><\/span><span class=\"arfstyle-label\">Pateikti<\/span><\/button><\/div><\/div><div style=\"clear:both\"><\/div><\/div><!-- arf_fieldset --><\/div><!-- allfields --><input type=\"hidden\" name=\"trp-form-language\" value=\"lt\"\/><\/form><script type='text\/javascript' data-cfasync='false'>if(!window['arf_conditional_logic']){window['arf_conditional_logic'] = new Array();}window['arf_conditional_logic'][31220] = {\"logic\":[],\"dependents\":[],\"defaults\":[]};if(!window['arf_pages_fields']){window['arf_pages_fields'] = new Array();}window['arf_pages_fields'][31220] = [{\"field_id\":\"120\",\"field_key\":\"pc6dyc\",\"default_value\":\"\",\"field_type\":\"text\",\"page_no\":0,\"heading_id\":0,\"repeater_id\":0},{\"field_id\":\"121\",\"field_key\":\"efm6bb\",\"default_value\":\"\",\"field_type\":\"email\",\"page_no\":0,\"heading_id\":0,\"repeater_id\":0},{\"field_id\":\"122\",\"field_key\":\"62nnzs\",\"default_value\":\"\",\"field_type\":\"textarea\",\"page_no\":0,\"heading_id\":0,\"repeater_id\":0}];<\/script><\/div><!--arf_form_outer_wrapper --><div class=\"brand-div\"><\/div><div class=\"\"><input type=\"hidden\" data-jqvalidate=\"false\" name=\"form_id\" data-id=\"form_id\" value=\"100\" \/><input type=\"hidden\" data-jqvalidate=\"false\" name=\"arfmainformurl\" data-id=\"arfmainformurl\" value=\"https:\/\/www.bhump.org.uk\/wp-content\/plugins\/arforms\" \/><\/div>","protected":false},"excerpt":{"rendered":"<p>Thank you for visiting our website. If you would like any more information\u00a0about the Hillingdon\u00a0Refugee Support Group, our services, our projects, or have any general enquiries or comments please do not hesitate to get in touch: By telephone: Call 01895 434 728 from Monday to Friday, 9.00am to 16.00pm. By email: Please send emails to:\u00a0enquiries@hrsg.org.uk. [&hellip;]<\/p>","protected":false},"author":9,"featured_media":0,"parent":0,"menu_order":0,"comment_status":"closed","ping_status":"closed","template":"elementor_header_footer","meta":[],"yoast_head":"<!-- This site is optimized with the Yoast SEO plugin v16.5 - https:\/\/yoast.com\/wordpress\/plugins\/seo\/ -->\n<title>Bhump | Contact<\/title>\n<meta name=\"robots\" content=\"index, follow, max-snippet:-1, max-image-preview:large, max-video-preview:-1\" \/>\n<link rel=\"canonical\" href=\"https:\/\/www.bhump.org.uk\/lt\/contact\/\" \/>\n<meta property=\"og:locale\" content=\"lt_LT\" \/>\n<meta property=\"og:type\" content=\"article\" \/>\n<meta property=\"og:title\" content=\"Bhump | Contact\" \/>\n<meta property=\"og:description\" content=\"Thank you for visiting our website. If you would like any more information\u00a0about the Hillingdon\u00a0Refugee Support Group, our services, our projects, or have any general enquiries or comments please do not hesitate to get in touch: By telephone: Call 01895 434 728 from Monday to Friday, 9.00am to 16.00pm. By email: Please send emails to:\u00a0enquiries@hrsg.org.uk. [&hellip;]\" \/>\n<meta property=\"og:url\" content=\"https:\/\/www.bhump.org.uk\/lt\/contact\/\" \/>\n<meta property=\"og:site_name\" content=\"Bhump\" \/>\n<meta property=\"article:modified_time\" content=\"2025-09-08T04:46:51+00:00\" \/>\n<meta name=\"twitter:card\" content=\"summary_large_image\" \/>\n<meta name=\"twitter:label1\" content=\"Est. reading time\" \/>\n\t<meta name=\"twitter:data1\" content=\"1 minut\u0117\" \/>\n<script type=\"application\/ld+json\" class=\"yoast-schema-graph\">{\"@context\":\"https:\/\/schema.org\",\"@graph\":[{\"@type\":\"WebSite\",\"@id\":\"https:\/\/www.bhump.org.uk\/#website\",\"url\":\"https:\/\/www.bhump.org.uk\/\",\"name\":\"Bhump\",\"description\":\"\",\"potentialAction\":[{\"@type\":\"SearchAction\",\"target\":\"https:\/\/www.bhump.org.uk\/?s={search_term_string}\",\"query-input\":\"required name=search_term_string\"}],\"inLanguage\":\"lt-LT\"},{\"@type\":\"WebPage\",\"@id\":\"https:\/\/www.bhump.org.uk\/contact\/#webpage\",\"url\":\"https:\/\/www.bhump.org.uk\/contact\/\",\"name\":\"Bhump | Contact\",\"isPartOf\":{\"@id\":\"https:\/\/www.bhump.org.uk\/#website\"},\"datePublished\":\"2021-06-09T13:51:14+00:00\",\"dateModified\":\"2025-09-08T04:46:51+00:00\",\"breadcrumb\":{\"@id\":\"https:\/\/www.bhump.org.uk\/contact\/#breadcrumb\"},\"inLanguage\":\"lt-LT\",\"potentialAction\":[{\"@type\":\"ReadAction\",\"target\":[\"https:\/\/www.bhump.org.uk\/contact\/\"]}]},{\"@type\":\"BreadcrumbList\",\"@id\":\"https:\/\/www.bhump.org.uk\/contact\/#breadcrumb\",\"itemListElement\":[{\"@type\":\"ListItem\",\"position\":1,\"name\":\"Home\",\"item\":\"https:\/\/www.bhump.org.uk\/\"},{\"@type\":\"ListItem\",\"position\":2,\"name\":\"Contact\"}]}]}<\/script>\n<!-- \/ Yoast SEO plugin. -->","_links":{"self":[{"href":"https:\/\/www.bhump.org.uk\/lt\/wp-json\/wp\/v2\/pages\/277099"}],"collection":[{"href":"https:\/\/www.bhump.org.uk\/lt\/wp-json\/wp\/v2\/pages"}],"about":[{"href":"https:\/\/www.bhump.org.uk\/lt\/wp-json\/wp\/v2\/types\/page"}],"author":[{"embeddable":true,"href":"https:\/\/www.bhump.org.uk\/lt\/wp-json\/wp\/v2\/users\/9"}],"replies":[{"embeddable":true,"href":"https:\/\/www.bhump.org.uk\/lt\/wp-json\/wp\/v2\/comments?post=277099"}],"version-history":[{"count":22,"href":"https:\/\/www.bhump.org.uk\/lt\/wp-json\/wp\/v2\/pages\/277099\/revisions"}],"predecessor-version":[{"id":279309,"href":"https:\/\/www.bhump.org.uk\/lt\/wp-json\/wp\/v2\/pages\/277099\/revisions\/279309"}],"wp:attachment":[{"href":"https:\/\/www.bhump.org.uk\/lt\/wp-json\/wp\/v2\/media?parent=277099"}],"curies":[{"name":"wp","href":"https:\/\/api.w.org\/{rel}","templated":true}]}}