{"id":277342,"date":"2021-06-09T21:59:06","date_gmt":"2021-06-09T21:59:06","guid":{"rendered":"https:\/\/www.bhump.org.uk\/?page_id=277342"},"modified":"2021-07-11T17:34:35","modified_gmt":"2021-07-11T17:34:35","slug":"covid-update","status":"publish","type":"page","link":"https:\/\/www.bhump.org.uk\/pt\/covid-update\/","title":{"rendered":"Atualiza\u00e7\u00e3o Covid"},"content":{"rendered":"<div data-elementor-type=\"wp-page\" data-elementor-id=\"277342\" class=\"elementor elementor-277342\" data-elementor-settings=\"[]\">\n\t\t\t\t\t\t<div class=\"elementor-inner\">\n\t\t\t\t\t\t\t<div class=\"elementor-section-wrap\">\n\t\t\t\t\t\t\t<section class=\"has_ae_slider elementor-section elementor-top-section elementor-element elementor-element-55243ea elementor-section-stretched elementor-section-boxed elementor-section-height-default elementor-section-height-default ae-bg-gallery-type-default\" data-particle_enable=\"false\" data-particle-mobile-disabled=\"false\" data-id=\"55243ea\" data-element_type=\"section\" data-settings=\"{&quot;stretch_section&quot;:&quot;section-stretched&quot;}\">\n\t\t\t\t\t\t<div class=\"elementor-container elementor-column-gap-no\">\n\t\t\t\t\t\t\t<div class=\"elementor-row\">\n\t\t\t\t\t<div class=\"has_ae_slider elementor-column elementor-col-100 elementor-top-column elementor-element elementor-element-bf2569b ae-bg-gallery-type-default\" data-id=\"bf2569b\" data-element_type=\"column\">\n\t\t\t<div class=\"elementor-column-wrap elementor-element-populated\">\n\t\t\t\t\t\t\t<div class=\"elementor-widget-wrap\">\n\t\t\t\t\t\t<div class=\"elementor-element elementor-element-16761be elementor-widget elementor-widget-eael-adv-accordion\" data-id=\"16761be\" data-element_type=\"widget\" data-widget_type=\"eael-adv-accordion.default\">\n\t\t\t\t<div class=\"elementor-widget-container\">\n\t\t\t        <div class=\"eael-adv-accordion\" id=\"eael-adv-accordion-16761be\" data-accordion-id=\"16761be\" data-accordion-type=\"toggle\" data-toogle-speed=\"300\">\n    <div class=\"eael-accordion-list\">\n                <div id=\"elementor-tab-title-2351\" class=\"elementor-tab-title eael-accordion-header\" tabindex=\"2351\" data-tab=\"1\" role=\"tab\" aria-controls=\"elementor-tab-content-2351\"><i aria-hidden=\"true\" class=\"fa-toggle fas fa-angle-right\"><\/i><span class=\"eael-accordion-tab-title\">JUNHO DE 2021<\/span><i aria-hidden=\"true\" class=\"fa-accordion-icon fas fa-plus\"><\/i><\/div><div id=\"elementor-tab-content-2351\" class=\"eael-accordion-content clearfix\" data-tab=\"1\" role=\"tabpanel\" aria-labelledby=\"elementor-tab-title-2351\"><p><p>BHUMP est\u00e1 de volta ao suporte presencial em West Drayton. Todas as reservas ter\u00e3o que ser estritamente apenas com hora marcada. Usaremos uma abordagem combinada para que as aulas on-line continuem para aqueles que as preferirem.<\/p><p>Para a seguran\u00e7a de todos os nossos jovens e funcion\u00e1rios, voc\u00ea n\u00e3o poder\u00e1 participar do aprendizado presencial at\u00e9 que tenhamos a confirma\u00e7\u00e3o de um resultado negativo no teste. Testes cont\u00ednuos antes de cada aula ser\u00e3o necess\u00e1rios para permitir que os jovens acessem o pr\u00e9dio para aulas presenciais. Para aqueles que desejam continuar aprendendo on-line, voc\u00ea n\u00e3o precisa fazer nada, basta continuar normalmente e fazer login normalmente.\u00a0<\/p><p>Se voc\u00ea quiser vir ao escrit\u00f3rio para aulas ou qualquer apoio, voc\u00ea precisar\u00e1\u00a0<strong>reserve um hor\u00e1rio (compromisso) para entrar<\/strong>. Voc\u00ea precisar\u00e1 fazer isso pelo menos 1 dia antes da aula. Todas as reservas presenciais ser\u00e3o por ordem de chegada. Para marcar uma aula, envie um e-mail\u00a0<a href=\"mailto:admin@bhump.org.uk\">admin@bhump.org.uk<\/a>\u00a0ou envie uma mensagem pelo chat em grupo do WhatsApp do BHUMP.\u00a0<\/p><p>Voc\u00ea n\u00e3o poder\u00e1 simplesmente aparecer porque s\u00f3 podemos ter um <strong>quantidade limitada de alunos na classe\u00a0<\/strong>por causa da seguran\u00e7a do coronav\u00edrus. Portanto, reserve com anteced\u00eancia para evitar decep\u00e7\u00f5es.<\/p><p>Antes de vir ao escrit\u00f3rio para uma aula, voc\u00ea precisar\u00e1 fazer uma\u00a0<strong>teste de fluxo lateral<\/strong>\u00a0para que saibamos que voc\u00ea \u00e9\u00a0<strong>NEGATIVO<\/strong>\u00a0de coronav\u00edrus antes de vir para a aula.<\/p><p>Para obter um teste de fluxo lateral gratuito, fale com seu assistente social\/chave ou equipe de coloca\u00e7\u00e3o que providenciar\u00e1 isso para voc\u00ea. Voc\u00ea tamb\u00e9m pode visitar a farm\u00e1cia mais pr\u00f3xima de sua casa digitando seu CEP no link abaixo:<\/p><p><a href=\"https:\/\/maps.test-and-trace.nhs.uk\/\">https:\/\/maps.test-and-trace.nhs.uk\/<\/a><\/p><p>Quando voc\u00ea for \u00e0 sua farm\u00e1cia, eles explicar\u00e3o como fazer o teste, ou voc\u00ea pode at\u00e9 solicitar um teste de fluxo lateral para sua casa usando o link abaixo:<\/p><p><a href=\"https:\/\/www.gov.uk\/order-coronavirus-rapid-lateral-flow-tests\">https:\/\/www.gov.uk\/order-coronavirus-rapid-lateral-flow-tests<\/a><\/p><\/p><\/div>\n                <\/div><div class=\"eael-accordion-list\">\n                <div id=\"elementor-tab-title-2352\" class=\"elementor-tab-title eael-accordion-header\" tabindex=\"2352\" data-tab=\"2\" role=\"tab\" aria-controls=\"elementor-tab-content-2352\"><i aria-hidden=\"true\" class=\"fa-toggle fas fa-angle-right\"><\/i><span class=\"eael-accordion-tab-title\">MAR\u00c7O DE 2020<\/span><i aria-hidden=\"true\" class=\"fa-accordion-icon fas fa-plus\"><\/i><\/div><div id=\"elementor-tab-content-2352\" class=\"eael-accordion-content clearfix\" data-tab=\"2\" role=\"tabpanel\" aria-labelledby=\"elementor-tab-title-2352\"><p><p>Nosso escrit\u00f3rio fechou incluindo todo o suporte presencial a clientes j\u00e1 vulner\u00e1veis.<\/p><p>Tivemos que ser engenhosos e adaptar rapidamente as atividades que eram sobre contato social para o remoto, permitindo-nos continuar o fornecimento durante a pandemia, ainda atendendo \u00e0s necessidades dos jovens, pois interromper completamente os servi\u00e7os n\u00e3o era uma op\u00e7\u00e3o durante a crise, quando o suporte era mais necess\u00e1rio.<\/p><p>\u00a0<\/p><p><strong>Atividades remotas fornecidas:<\/strong><\/p><p>ESOL, Matem\u00e1tica, via zoom 4 dias por semana.<\/p><p>Verifica\u00e7\u00f5es telef\u00f3nicas semanais de bem-estar para ajudar a combater o isolamento e<\/p><p>Workshops de habilidades para a vida, bem-estar. Conselhos sobre COVID, discutindo quest\u00f5es de sa\u00fade mental, dicas<\/p><p>Todas as atividades fornecidas foram projetadas para construir confian\u00e7a, oferecer oportunidades seguras de compartilhamento e desenvolvimento, permitindo a integra\u00e7\u00e3o na sociedade brit\u00e2nica.<\/p><\/p><\/div>\n                <\/div><div class=\"eael-accordion-list\">\n                <div id=\"elementor-tab-title-2353\" class=\"elementor-tab-title eael-accordion-header\" tabindex=\"2353\" data-tab=\"3\" role=\"tab\" aria-controls=\"elementor-tab-content-2353\"><i aria-hidden=\"true\" class=\"fa-toggle fas fa-angle-right\"><\/i><span class=\"eael-accordion-tab-title\">INFORMA\u00c7\u00d5ES COVID<\/span><i aria-hidden=\"true\" class=\"fa-accordion-icon fas fa-plus\"><\/i><\/div><div id=\"elementor-tab-content-2353\" class=\"eael-accordion-content clearfix\" data-tab=\"3\" role=\"tabpanel\" aria-labelledby=\"elementor-tab-title-2353\"><p><div><p><b>A doen\u00e7a de coronav\u00edrus (COVID-19) \u00e9 uma doen\u00e7a infecciosa causada por um coronav\u00edrus rec\u00e9m-descoberto.<\/b><\/p><\/div><div><p>A maioria das pessoas infectadas com o v\u00edrus COVID-19 apresentar\u00e1 doen\u00e7a respirat\u00f3ria leve a moderada e se recuperar\u00e1 sem precisar de tratamento especial. Os idosos e aqueles com problemas m\u00e9dicos subjacentes, como doen\u00e7as cardiovasculares, diabetes, doen\u00e7as respirat\u00f3rias cr\u00f4nicas e c\u00e2ncer, t\u00eam maior probabilidade de desenvolver doen\u00e7as graves.<\/p><\/div><div><p>A melhor maneira de prevenir e retardar a transmiss\u00e3o \u00e9 estar bem informado sobre o v\u00edrus COVID-19, a doen\u00e7a que causa e como se espalha. Proteja-se a si e aos outros da infec\u00e7\u00e3o lavando as m\u00e3os ou usando uma solu\u00e7\u00e3o \u00e0 base de \u00e1lcool com frequ\u00eancia e sem tocar no rosto.\u00a0<span class=\"apple-converted-space\">\u00a0<\/span><\/p><\/div><div><p>O v\u00edrus COVID-19 se espalha principalmente por got\u00edculas de saliva ou secre\u00e7\u00e3o nasal quando uma pessoa infectada tosse ou espirra, por isso \u00e9 importante que voc\u00ea tamb\u00e9m pratique a etiqueta respirat\u00f3ria (por exemplo, tossindo com o cotovelo flexionado).<\/p><\/div><\/p><\/div>\n                <\/div><div class=\"eael-accordion-list\">\n                <div id=\"elementor-tab-title-2354\" class=\"elementor-tab-title eael-accordion-header\" tabindex=\"2354\" data-tab=\"4\" role=\"tab\" aria-controls=\"elementor-tab-content-2354\"><i aria-hidden=\"true\" class=\"fa-toggle fas fa-angle-right\"><\/i><span class=\"eael-accordion-tab-title\">SINTOMAS<\/span><i aria-hidden=\"true\" class=\"fa-accordion-icon fas fa-plus\"><\/i><\/div><div id=\"elementor-tab-content-2354\" class=\"eael-accordion-content clearfix\" data-tab=\"4\" role=\"tabpanel\" aria-labelledby=\"elementor-tab-title-2354\"><p><p><strong>Os principais sintomas do coronav\u00edrus (COVID-19) s\u00e3o:<\/strong><\/p><p>uma temperatura alta - isso significa que voc\u00ea sente calor ao tocar no peito ou nas costas (voc\u00ea n\u00e3o precisa medir sua temperatura)<\/p><p>uma tosse nova e cont\u00ednua \u2013 isso significa tossir muito por mais de uma hora, ou 3 ou mais epis\u00f3dios de tosse em 24 horas (se voc\u00ea costuma tossir, pode ser pior que o normal)<\/p><p>uma perda ou altera\u00e7\u00e3o no seu olfato ou paladar - isso significa que voc\u00ea notou que n\u00e3o pode cheirar ou provar nada, ou as coisas cheiram ou t\u00eam sabor diferente do normal<\/p><\/p><\/div>\n                <\/div><div class=\"eael-accordion-list\">\n                <div id=\"elementor-tab-title-2355\" class=\"elementor-tab-title eael-accordion-header\" tabindex=\"2355\" data-tab=\"5\" role=\"tab\" aria-controls=\"elementor-tab-content-2355\"><i aria-hidden=\"true\" class=\"fa-toggle fas fa-angle-right\"><\/i><span class=\"eael-accordion-tab-title\">O QUE FAZER SE TIVER SINTOMAS<\/span><i aria-hidden=\"true\" class=\"fa-accordion-icon fas fa-plus\"><\/i><\/div><div id=\"elementor-tab-content-2355\" class=\"eael-accordion-content clearfix\" data-tab=\"5\" role=\"tabpanel\" aria-labelledby=\"elementor-tab-title-2355\"><p><p>Se voc\u00ea tiver algum dos principais sintomas do COVID-19, mesmo que sejam leves:<\/p><p>Fa\u00e7a um teste PCR (teste enviado a um laborat\u00f3rio) para verificar se voc\u00ea tem COVID-19 o mais r\u00e1pido poss\u00edvel.<\/p><p>Voc\u00ea e qualquer pessoa com quem voc\u00ea mora deve ficar em casa e n\u00e3o receber visitas at\u00e9 obter o resultado do seu teste \u2013 apenas saia de casa para fazer um teste.<\/p><p>Saiba mais em <a href=\"https:\/\/www.nhs.uk\/conditions\/coronavirus-covid-19\/symptoms\/main-symptoms\/#symptoms\">www.nhs.uk<\/a><\/p><p>\u00a0<\/p><\/p><\/div>\n                <\/div><div class=\"eael-accordion-list\">\n                <div id=\"elementor-tab-title-2356\" class=\"elementor-tab-title eael-accordion-header\" tabindex=\"2356\" data-tab=\"6\" role=\"tab\" aria-controls=\"elementor-tab-content-2356\"><i aria-hidden=\"true\" class=\"fa-toggle fas fa-angle-right\"><\/i><span class=\"eael-accordion-tab-title\">PREVEN\u00c7\u00c3O<\/span><i aria-hidden=\"true\" class=\"fa-accordion-icon fas fa-plus\"><\/i><\/div><div id=\"elementor-tab-content-2356\" class=\"eael-accordion-content clearfix\" data-tab=\"6\" role=\"tabpanel\" aria-labelledby=\"elementor-tab-title-2356\"><p><p><strong>Para prevenir a infec\u00e7\u00e3o e retardar a transmiss\u00e3o do COVID-19, fa\u00e7a o seguinte:<\/strong><\/p><ul><li>Lave as m\u00e3os regularmente com \u00e1gua e sab\u00e3o ou limpe-as com \u00e1lcool em gel.<\/li><li>Mantenha pelo menos 1 metro de dist\u00e2ncia entre voc\u00ea e as pessoas tossindo ou espirrando.<\/li><li>Evite tocar seu rosto.<\/li><li>Cubra a boca e o nariz ao tossir ou espirrar.<\/li><li>Fique em casa se n\u00e3o se sentir bem.<\/li><li>Abster-se de fumar e outras atividades que enfraquecem os pulm\u00f5es.<\/li><li>Pratique o distanciamento f\u00edsico evitando viagens desnecess\u00e1rias e ficando longe de grandes grupos de pessoas.\u00a0<\/li><\/ul><\/p><\/div>\n                <\/div><div class=\"eael-accordion-list\">\n                <div id=\"elementor-tab-title-2357\" class=\"elementor-tab-title eael-accordion-header\" tabindex=\"2357\" data-tab=\"7\" role=\"tab\" aria-controls=\"elementor-tab-content-2357\"><i aria-hidden=\"true\" class=\"fa-toggle fas fa-angle-right\"><\/i><span class=\"eael-accordion-tab-title\">COMO O COVID-19 \u00c9 TRANSMITIDO<\/span><i aria-hidden=\"true\" class=\"fa-accordion-icon fas fa-plus\"><\/i><\/div><div id=\"elementor-tab-content-2357\" class=\"eael-accordion-content clearfix\" data-tab=\"7\" role=\"tabpanel\" aria-labelledby=\"elementor-tab-title-2357\"><p><ul><li>O v\u00edrus pode se espalhar da boca ou nariz de uma pessoa infectada em pequenas part\u00edculas l\u00edquidas quando tosse, espirra, fala, canta ou respira. Essas part\u00edculas variam de got\u00edculas respirat\u00f3rias maiores a aeross\u00f3is menores.<\/li><li>As pessoas tamb\u00e9m podem se infectar ao tocar em superf\u00edcies que foram contaminadas pelo v\u00edrus ao tocar nos olhos, nariz ou boca sem limpar as m\u00e3os.<\/li><\/ul><h1>\u00a0<\/h1><h1>Assista ao v\u00eddeo abaixo da Organiza\u00e7\u00e3o Mundial da Sa\u00fade sobre<\/h1><h1><a href=\"https:\/\/youtu.be\/oqFn6AHoJZQ\">Como o v\u00edrus COVID-19 \u00e9 transmitido.<\/a><\/h1><\/p><\/div>\n                <\/div><div class=\"eael-accordion-list\">\n                <div id=\"elementor-tab-title-2358\" class=\"elementor-tab-title eael-accordion-header\" tabindex=\"2358\" data-tab=\"8\" role=\"tab\" aria-controls=\"elementor-tab-content-2358\"><i aria-hidden=\"true\" class=\"fa-toggle fas fa-angle-right\"><\/i><span class=\"eael-accordion-tab-title\">OBTER AJUDA<\/span><i aria-hidden=\"true\" class=\"fa-accordion-icon fas fa-plus\"><\/i><\/div><div id=\"elementor-tab-content-2358\" class=\"eael-accordion-content clearfix\" data-tab=\"8\" role=\"tabpanel\" aria-labelledby=\"elementor-tab-title-2358\"><p><p><strong>Obtenha ajuda do NHS 111 se:<\/strong><\/p><ul><li>Voc\u00ea est\u00e1 preocupado com seus sintomas<\/li><li>Voc\u00ea n\u00e3o tem certeza do que fazer<\/li><\/ul><p>\u00a0<\/p><p><strong>Obtenha ajuda de <\/strong><a href=\"https:\/\/111.nhs.uk\/\"><strong>NHS 111 on-line<\/strong><\/a><\/p><p>\u00a0<\/p><ul><li>Ligue para o 111 se n\u00e3o conseguir obter ajuda online.<\/li><\/ul><p>\u00a0<\/p><ul><li>N\u00e3o v\u00e1 a lugares como um GP, hospital ou farm\u00e1cia.<\/li><\/ul><\/p><\/div>\n                <\/div><\/div>\t\t<\/div>\n\t\t\t\t<\/div>\n\t\t\t\t\t\t<\/div>\n\t\t\t\t\t<\/div>\n\t\t<\/div>\n\t\t\t\t\t\t\t\t<\/div>\n\t\t\t\t\t<\/div>\n\t\t<\/section>\n\t\t\t\t\t\t<\/div>\n\t\t\t\t\t\t<\/div>\n\t\t\t\t\t<\/div>","protected":false},"excerpt":{"rendered":"<p>JUNE 2021 BHUMP is back to face to face support in West Drayton. All bookings will have to be strictly by appointment only.\u00a0We will utilise a blended approach so the online lessons will still continue for those who prefer them. For the safety of all our young people and staff, you \u00a0will not be able [&hellip;]<\/p>","protected":false},"author":9,"featured_media":0,"parent":0,"menu_order":0,"comment_status":"closed","ping_status":"closed","template":"","meta":[],"yoast_head":"<!-- This site is optimized with the Yoast SEO plugin v16.5 - https:\/\/yoast.com\/wordpress\/plugins\/seo\/ -->\n<title>Bhump | Covid Update<\/title>\n<meta name=\"robots\" content=\"index, follow, max-snippet:-1, max-image-preview:large, max-video-preview:-1\" \/>\n<link rel=\"canonical\" href=\"https:\/\/www.bhump.org.uk\/pt\/covid-update\/\" \/>\n<meta property=\"og:locale\" content=\"pt_PT\" \/>\n<meta property=\"og:type\" content=\"article\" \/>\n<meta property=\"og:title\" content=\"Bhump | Covid Update\" \/>\n<meta property=\"og:description\" content=\"JUNE 2021 BHUMP is back to face to face support in West Drayton. All bookings will have to be strictly by appointment only.\u00a0We will utilise a blended approach so the online lessons will still continue for those who prefer them. For the safety of all our young people and staff, you \u00a0will not be able [&hellip;]\" \/>\n<meta property=\"og:url\" content=\"https:\/\/www.bhump.org.uk\/pt\/covid-update\/\" \/>\n<meta property=\"og:site_name\" content=\"Bhump\" \/>\n<meta property=\"article:modified_time\" content=\"2021-07-11T17:34:35+00:00\" \/>\n<meta name=\"twitter:card\" content=\"summary_large_image\" \/>\n<meta name=\"twitter:label1\" content=\"Tempo estimado de leitura\" \/>\n\t<meta name=\"twitter:data1\" content=\"5 minutos\" \/>\n<script type=\"application\/ld+json\" class=\"yoast-schema-graph\">{\"@context\":\"https:\/\/schema.org\",\"@graph\":[{\"@type\":\"WebSite\",\"@id\":\"https:\/\/www.bhump.org.uk\/#website\",\"url\":\"https:\/\/www.bhump.org.uk\/\",\"name\":\"Bhump\",\"description\":\"\",\"potentialAction\":[{\"@type\":\"SearchAction\",\"target\":\"https:\/\/www.bhump.org.uk\/?s={search_term_string}\",\"query-input\":\"required name=search_term_string\"}],\"inLanguage\":\"pt-PT\"},{\"@type\":\"WebPage\",\"@id\":\"https:\/\/www.bhump.org.uk\/covid-update\/#webpage\",\"url\":\"https:\/\/www.bhump.org.uk\/covid-update\/\",\"name\":\"Bhump | Covid Update\",\"isPartOf\":{\"@id\":\"https:\/\/www.bhump.org.uk\/#website\"},\"datePublished\":\"2021-06-09T21:59:06+00:00\",\"dateModified\":\"2021-07-11T17:34:35+00:00\",\"breadcrumb\":{\"@id\":\"https:\/\/www.bhump.org.uk\/covid-update\/#breadcrumb\"},\"inLanguage\":\"pt-PT\",\"potentialAction\":[{\"@type\":\"ReadAction\",\"target\":[\"https:\/\/www.bhump.org.uk\/covid-update\/\"]}]},{\"@type\":\"BreadcrumbList\",\"@id\":\"https:\/\/www.bhump.org.uk\/covid-update\/#breadcrumb\",\"itemListElement\":[{\"@type\":\"ListItem\",\"position\":1,\"name\":\"Home\",\"item\":\"https:\/\/www.bhump.org.uk\/\"},{\"@type\":\"ListItem\",\"position\":2,\"name\":\"Covid Update\"}]}]}<\/script>\n<!-- \/ Yoast SEO plugin. -->","_links":{"self":[{"href":"https:\/\/www.bhump.org.uk\/pt\/wp-json\/wp\/v2\/pages\/277342"}],"collection":[{"href":"https:\/\/www.bhump.org.uk\/pt\/wp-json\/wp\/v2\/pages"}],"about":[{"href":"https:\/\/www.bhump.org.uk\/pt\/wp-json\/wp\/v2\/types\/page"}],"author":[{"embeddable":true,"href":"https:\/\/www.bhump.org.uk\/pt\/wp-json\/wp\/v2\/users\/9"}],"replies":[{"embeddable":true,"href":"https:\/\/www.bhump.org.uk\/pt\/wp-json\/wp\/v2\/comments?post=277342"}],"version-history":[{"count":48,"href":"https:\/\/www.bhump.org.uk\/pt\/wp-json\/wp\/v2\/pages\/277342\/revisions"}],"predecessor-version":[{"id":279032,"href":"https:\/\/www.bhump.org.uk\/pt\/wp-json\/wp\/v2\/pages\/277342\/revisions\/279032"}],"wp:attachment":[{"href":"https:\/\/www.bhump.org.uk\/pt\/wp-json\/wp\/v2\/media?parent=277342"}],"curies":[{"name":"wp","href":"https:\/\/api.w.org\/{rel}","templated":true}]}}