{"id":277342,"date":"2021-06-09T21:59:06","date_gmt":"2021-06-09T21:59:06","guid":{"rendered":"https:\/\/www.bhump.org.uk\/?page_id=277342"},"modified":"2021-07-11T17:34:35","modified_gmt":"2021-07-11T17:34:35","slug":"covid-update","status":"publish","type":"page","link":"https:\/\/www.bhump.org.uk\/sq\/covid-update\/","title":{"rendered":"P\u00ebrdit\u00ebsimi i Covid"},"content":{"rendered":"<div data-elementor-type=\"wp-page\" data-elementor-id=\"277342\" class=\"elementor elementor-277342\" data-elementor-settings=\"[]\">\n\t\t\t\t\t\t<div class=\"elementor-inner\">\n\t\t\t\t\t\t\t<div class=\"elementor-section-wrap\">\n\t\t\t\t\t\t\t<section class=\"has_ae_slider elementor-section elementor-top-section elementor-element elementor-element-55243ea elementor-section-stretched elementor-section-boxed elementor-section-height-default elementor-section-height-default ae-bg-gallery-type-default\" data-particle_enable=\"false\" data-particle-mobile-disabled=\"false\" data-id=\"55243ea\" data-element_type=\"section\" data-settings=\"{&quot;stretch_section&quot;:&quot;section-stretched&quot;}\">\n\t\t\t\t\t\t<div class=\"elementor-container elementor-column-gap-no\">\n\t\t\t\t\t\t\t<div class=\"elementor-row\">\n\t\t\t\t\t<div class=\"has_ae_slider elementor-column elementor-col-100 elementor-top-column elementor-element elementor-element-bf2569b ae-bg-gallery-type-default\" data-id=\"bf2569b\" data-element_type=\"column\">\n\t\t\t<div class=\"elementor-column-wrap elementor-element-populated\">\n\t\t\t\t\t\t\t<div class=\"elementor-widget-wrap\">\n\t\t\t\t\t\t<div class=\"elementor-element elementor-element-16761be elementor-widget elementor-widget-eael-adv-accordion\" data-id=\"16761be\" data-element_type=\"widget\" data-widget_type=\"eael-adv-accordion.default\">\n\t\t\t\t<div class=\"elementor-widget-container\">\n\t\t\t        <div class=\"eael-adv-accordion\" id=\"eael-adv-accordion-16761be\" data-accordion-id=\"16761be\" data-accordion-type=\"toggle\" data-toogle-speed=\"300\">\n    <div class=\"eael-accordion-list\">\n                <div id=\"elementor-tab-title-2351\" class=\"elementor-tab-title eael-accordion-header\" tabindex=\"2351\" data-tab=\"1\" role=\"tab\" aria-controls=\"elementor-tab-content-2351\"><i aria-hidden=\"true\" class=\"fa-toggle fas fa-angle-right\"><\/i><span class=\"eael-accordion-tab-title\">QERSHOR 2021<\/span><i aria-hidden=\"true\" class=\"fa-accordion-icon fas fa-plus\"><\/i><\/div><div id=\"elementor-tab-content-2351\" class=\"eael-accordion-content clearfix\" data-tab=\"1\" role=\"tabpanel\" aria-labelledby=\"elementor-tab-title-2351\"><p><p>BHUMP \u00ebsht\u00eb p\u00ebrs\u00ebri ball\u00eb p\u00ebr ball\u00eb mb\u00ebshtetje n\u00eb West Drayton. T\u00eb gjitha rezervimet do t\u00eb duhet t\u00eb b\u00ebhen vet\u00ebm me takim. Ne do t\u00eb p\u00ebrdorim nj\u00eb qasje t\u00eb p\u00ebrzier, k\u00ebshtu q\u00eb m\u00ebsimet n\u00eb internet do t\u00eb vazhdojn\u00eb ende p\u00ebr ata q\u00eb i preferojn\u00eb ato.<\/p><p>P\u00ebr sigurin\u00eb e t\u00eb gjith\u00eb t\u00eb rinjve dhe stafit ton\u00eb, ju nuk do t\u00eb jeni n\u00eb gjendje t\u00eb merrni pjes\u00eb n\u00eb m\u00ebsimin ball\u00eb p\u00ebr ball\u00eb derisa t\u00eb kemi konfirmimin e nj\u00eb rezultati negativ t\u00eb testit. Testimi i vazhduesh\u00ebm p\u00ebrpara \u00e7do m\u00ebsimi do t\u00eb jet\u00eb i nevojsh\u00ebm p\u00ebr t&#39;u mund\u00ebsuar t\u00eb rinjve t\u00eb hyjn\u00eb n\u00eb nd\u00ebrtes\u00eb p\u00ebr m\u00ebsime ball\u00eb p\u00ebr ball\u00eb. P\u00ebr ata q\u00eb duan t\u00eb vazhdojn\u00eb t\u00eb m\u00ebsojn\u00eb n\u00eb internet, nuk duhet t\u00eb b\u00ebni asgj\u00eb, thjesht mund t\u00eb vazhdoni normalisht dhe t\u00eb regjistroheni normalisht.\u00a0<\/p><p>N\u00ebse d\u00ebshironi t\u00eb vini n\u00eb zyr\u00eb p\u00ebr m\u00ebsime ose ndonj\u00eb mb\u00ebshtetje, do t&#39;ju duhet\u00a0<strong>rezervoni nj\u00eb koh\u00eb (caktim) p\u00ebr t\u00eb hyr\u00eb<\/strong>. Ju duhet ta b\u00ebni k\u00ebt\u00eb t\u00eb pakt\u00ebn 1 dit\u00eb para m\u00ebsimit. T\u00eb gjitha rezervimet ball\u00eb p\u00ebr ball\u00eb do t\u00eb kryhen sipas parimit t\u00eb sh\u00ebrbimit t\u00eb par\u00eb. P\u00ebr t\u00eb rezervuar nj\u00eb m\u00ebsim, d\u00ebrgoni email\u00a0<a href=\"mailto:admin@bhump.org.uk\">admin@bhump.org.uk<\/a>\u00a0ose d\u00ebrgoni nj\u00eb mesazh p\u00ebrmes bised\u00ebs n\u00eb grup BHUMP WhatsApp.\u00a0<\/p><p>Ju nuk do t\u00eb jeni n\u00eb gjendje t\u00eb paraqiteni vet\u00ebm sepse ne mund t\u00eb kemi vet\u00ebm nj\u00eb <strong>numri i kufizuar i nx\u00ebn\u00ebsve n\u00eb klas\u00eb\u00a0<\/strong>p\u00ebr shkak t\u00eb siguris\u00eb nga koronavirusi. Pra, rezervoni her\u00ebt p\u00ebr t\u00eb shmangur zhg\u00ebnjimin.<\/p><p>Para se t\u00eb vini n\u00eb zyr\u00eb p\u00ebr nj\u00eb m\u00ebsim, do t&#39;ju duhet t\u00eb b\u00ebni nj\u00eb\u00a0<strong>testi i rrjedh\u00ebs an\u00ebsore<\/strong>\u00a0n\u00eb m\u00ebnyr\u00eb q\u00eb ne t\u00eb dim\u00eb se ju jeni\u00a0<strong>NEGATIV<\/strong>\u00a0e koronavirusit p\u00ebrpara se t\u00eb vini n\u00eb klas\u00eb.<\/p><p>P\u00ebr t\u00eb marr\u00eb nj\u00eb test pa pages\u00eb t\u00eb rrjedh\u00ebs an\u00ebsore, flisni me punonj\u00ebsin tuaj social\/ky\u00e7 ose stafin e vendosjes, i cili do ta rregulloj\u00eb k\u00ebt\u00eb p\u00ebr ju. Ju gjithashtu mund t\u00eb vizitoni kimistin m\u00eb t\u00eb af\u00ebrt n\u00eb sht\u00ebpin\u00eb tuaj duke shtypur kodin tuaj postar n\u00eb lidhjen m\u00eb posht\u00eb:<\/p><p><a href=\"https:\/\/maps.test-and-trace.nhs.uk\/\">https:\/\/maps.test-and-trace.nhs.uk\/<\/a><\/p><p>Kur t\u00eb shkoni te kimisti juaj, ata do t&#39;ju shpjegojn\u00eb se si t\u00eb b\u00ebni testin, ose madje mund t\u00eb porosisni nj\u00eb test t\u00eb rrjedh\u00ebs an\u00ebsore n\u00eb sht\u00ebpin\u00eb tuaj duke p\u00ebrdorur lidhjen e m\u00ebposhtme:<\/p><p><a href=\"https:\/\/www.gov.uk\/order-coronavirus-rapid-lateral-flow-tests\">https:\/\/www.gov.uk\/order-coronavirus-rapid-lateral-flow-tests<\/a><\/p><\/p><\/div>\n                <\/div><div class=\"eael-accordion-list\">\n                <div id=\"elementor-tab-title-2352\" class=\"elementor-tab-title eael-accordion-header\" tabindex=\"2352\" data-tab=\"2\" role=\"tab\" aria-controls=\"elementor-tab-content-2352\"><i aria-hidden=\"true\" class=\"fa-toggle fas fa-angle-right\"><\/i><span class=\"eael-accordion-tab-title\">MARS 2020<\/span><i aria-hidden=\"true\" class=\"fa-accordion-icon fas fa-plus\"><\/i><\/div><div id=\"elementor-tab-content-2352\" class=\"eael-accordion-content clearfix\" data-tab=\"2\" role=\"tabpanel\" aria-labelledby=\"elementor-tab-title-2352\"><p><p>Zyra jon\u00eb u mbyll duke p\u00ebrfshir\u00eb t\u00eb gjith\u00eb mb\u00ebshtetjen ball\u00eb p\u00ebr ball\u00eb p\u00ebr klient\u00ebt tashm\u00eb vulnerab\u00ebl.<\/p><p>Ne duhej t\u00eb ishim t\u00eb shkath\u00ebt dhe t&#39;i p\u00ebrshtatnim me shpejt\u00ebsi aktivitetet q\u00eb kishin t\u00eb b\u00ebnin me kontaktet sociale n\u00eb distanc\u00eb, duke na mund\u00ebsuar q\u00eb t\u00eb vazhdojm\u00eb ofrimin p\u00ebrmes pandemis\u00eb, prap\u00ebseprap\u00eb plot\u00ebsimi i nevojave t\u00eb t\u00eb rinjve pasi nd\u00ebrprerja e plot\u00eb e sh\u00ebrbimeve nuk ishte nj\u00eb opsion gjat\u00eb kriz\u00ebs kur mb\u00ebshtetja ishte m\u00eb e nevojshme.<\/p><p>\u00a0<\/p><p><strong>Ofrohen aktivitete n\u00eb distanc\u00eb:<\/strong><\/p><p>ESOL, Matematik\u00eb, n\u00ebp\u00ebrmjet zmadhimit 4 dit\u00eb n\u00eb jav\u00eb.<\/p><p>Kontrollet javore telefonike t\u00eb mir\u00ebqenies p\u00ebr t\u00eb ndihmuar n\u00eb luftimin e izolimit dhe<\/p><p>Pun\u00ebtori p\u00ebr aft\u00ebsit\u00eb e jet\u00ebs, mir\u00ebqenien. K\u00ebshilla p\u00ebr COVID, duke diskutuar \u00e7\u00ebshtje t\u00eb sh\u00ebndetit mendor, k\u00ebshilla<\/p><p>T\u00eb gjitha aktivitetet e ofruara jan\u00eb krijuar p\u00ebr t\u00eb krijuar besim, p\u00ebr t\u00eb ofruar mund\u00ebsi t\u00eb sigurta p\u00ebr ndarje dhe zhvillim duke mund\u00ebsuar integrimin n\u00eb shoq\u00ebrin\u00eb britanike.<\/p><\/p><\/div>\n                <\/div><div class=\"eael-accordion-list\">\n                <div id=\"elementor-tab-title-2353\" class=\"elementor-tab-title eael-accordion-header\" tabindex=\"2353\" data-tab=\"3\" role=\"tab\" aria-controls=\"elementor-tab-content-2353\"><i aria-hidden=\"true\" class=\"fa-toggle fas fa-angle-right\"><\/i><span class=\"eael-accordion-tab-title\">INFORMACION P\u00cbR COVID<\/span><i aria-hidden=\"true\" class=\"fa-accordion-icon fas fa-plus\"><\/i><\/div><div id=\"elementor-tab-content-2353\" class=\"eael-accordion-content clearfix\" data-tab=\"3\" role=\"tabpanel\" aria-labelledby=\"elementor-tab-title-2353\"><p><div><p><b>S\u00ebmundja Coronavirus (COVID-19) \u00ebsht\u00eb nj\u00eb s\u00ebmundje infektive e shkaktuar nga nj\u00eb koronavirus i sapo zbuluar.<\/b><\/p><\/div><div><p>Shumica e njer\u00ebzve t\u00eb infektuar me virusin COVID-19 do t\u00eb p\u00ebrjetojn\u00eb s\u00ebmundje t\u00eb lehta deri n\u00eb mesatare t\u00eb frym\u00ebmarrjes dhe do t\u00eb sh\u00ebrohen pa k\u00ebrkuar trajtim t\u00eb ve\u00e7ant\u00eb. Njer\u00ebzit e moshuar dhe ata me probleme themelore mjek\u00ebsore si s\u00ebmundjet kardiovaskulare, diabeti, s\u00ebmundjet kronike t\u00eb frym\u00ebmarrjes dhe kanceri kan\u00eb m\u00eb shum\u00eb gjasa t\u00eb zhvillojn\u00eb s\u00ebmundje serioze.<\/p><\/div><div><p>M\u00ebnyra m\u00eb e mir\u00eb p\u00ebr t\u00eb parandaluar dhe ngadal\u00ebsuar transmetimin \u00ebsht\u00eb t\u00eb jeni t\u00eb informuar mir\u00eb p\u00ebr virusin COVID-19, s\u00ebmundjen q\u00eb shkakton dhe m\u00ebnyr\u00ebn se si p\u00ebrhapet. Mbroni veten dhe t\u00eb tjer\u00ebt nga infeksioni duke lar\u00eb duart ose duke p\u00ebrdorur nj\u00eb f\u00ebrkim me baz\u00eb alkooli shpesh dhe duke mos prekur fytyr\u00ebn.\u00a0<span class=\"apple-converted-space\">\u00a0<\/span><\/p><\/div><div><p>Virusi COVID-19 p\u00ebrhapet kryesisht p\u00ebrmes pikave t\u00eb p\u00ebshtym\u00ebs ose rrjedhjeve nga hunda kur nj\u00eb person i infektuar kollitet ose teshtin, prandaj \u00ebsht\u00eb e r\u00ebnd\u00ebsishme q\u00eb t\u00eb praktikoni edhe etiket\u00ebn e frym\u00ebmarrjes (p\u00ebr shembull, duke u kollitur n\u00eb nj\u00eb b\u00ebrryl t\u00eb p\u00ebrkulur).<\/p><\/div><\/p><\/div>\n                <\/div><div class=\"eael-accordion-list\">\n                <div id=\"elementor-tab-title-2354\" class=\"elementor-tab-title eael-accordion-header\" tabindex=\"2354\" data-tab=\"4\" role=\"tab\" aria-controls=\"elementor-tab-content-2354\"><i aria-hidden=\"true\" class=\"fa-toggle fas fa-angle-right\"><\/i><span class=\"eael-accordion-tab-title\">SIMPTONE<\/span><i aria-hidden=\"true\" class=\"fa-accordion-icon fas fa-plus\"><\/i><\/div><div id=\"elementor-tab-content-2354\" class=\"eael-accordion-content clearfix\" data-tab=\"4\" role=\"tabpanel\" aria-labelledby=\"elementor-tab-title-2354\"><p><p><strong>Simptomat kryesore t\u00eb koronavirusit (COVID-19) jan\u00eb:<\/strong><\/p><p>nj\u00eb temperatur\u00eb e lart\u00eb - kjo do t\u00eb thot\u00eb q\u00eb ju ndjeheni t\u00eb nxeht\u00eb p\u00ebr t\u00eb prekur gjoksin ose shpin\u00ebn tuaj (nuk keni nevoj\u00eb t\u00eb matni temperatur\u00ebn tuaj)<\/p><p>nj\u00eb koll\u00eb e re, e vazhdueshme \u2013 kjo do t\u00eb thot\u00eb t\u00eb kolliteni shum\u00eb p\u00ebr m\u00eb shum\u00eb se nj\u00eb or\u00eb, ose 3 ose m\u00eb shum\u00eb episode kollitjeje n\u00eb 24 or\u00eb (n\u00ebse zakonisht keni nj\u00eb koll\u00eb, mund t\u00eb jet\u00eb m\u00eb keq se zakonisht)<\/p><p>nj\u00eb humbje ose ndryshim n\u00eb shqis\u00ebn tuaj t\u00eb nuhatjes ose shijes - kjo do t\u00eb thot\u00eb q\u00eb keni v\u00ebn\u00eb re se nuk mund t\u00eb nuhasni ose shijoni asgj\u00eb, ose gj\u00ebrat kan\u00eb er\u00eb ose shije t\u00eb ndryshme nga ato normale<\/p><\/p><\/div>\n                <\/div><div class=\"eael-accordion-list\">\n                <div id=\"elementor-tab-title-2355\" class=\"elementor-tab-title eael-accordion-header\" tabindex=\"2355\" data-tab=\"5\" role=\"tab\" aria-controls=\"elementor-tab-content-2355\"><i aria-hidden=\"true\" class=\"fa-toggle fas fa-angle-right\"><\/i><span class=\"eael-accordion-tab-title\">\u00c7FAR\u00cb T\u00cb B\u00cbNI N\u00cbSE KENI SIMPTONA<\/span><i aria-hidden=\"true\" class=\"fa-accordion-icon fas fa-plus\"><\/i><\/div><div id=\"elementor-tab-content-2355\" class=\"eael-accordion-content clearfix\" data-tab=\"5\" role=\"tabpanel\" aria-labelledby=\"elementor-tab-title-2355\"><p><p>N\u00ebse keni ndonj\u00eb nga simptomat kryesore t\u00eb COVID-19, edhe n\u00ebse ato jan\u00eb t\u00eb lehta:<\/p><p>B\u00ebni nj\u00eb test PCR (test q\u00eb d\u00ebrgohet n\u00eb laborator) p\u00ebr t\u00eb kontrolluar n\u00ebse keni COVID-19 sa m\u00eb shpejt t\u00eb jet\u00eb e mundur.<\/p><p>Ju dhe kushdo me t\u00eb cilin jetoni duhet t\u00eb q\u00ebndroni n\u00eb sht\u00ebpi dhe t\u00eb mos keni vizitor\u00eb derisa t\u00eb merrni rezultatin e testit \u2013 dilni nga sht\u00ebpia vet\u00ebm p\u00ebr t\u00eb b\u00ebr\u00eb nj\u00eb test.<\/p><p>M\u00ebsoni m\u00eb shum\u00eb p\u00ebr <a href=\"https:\/\/www.nhs.uk\/conditions\/coronavirus-covid-19\/symptoms\/main-symptoms\/#symptoms\">www.nhs.uk<\/a><\/p><p>\u00a0<\/p><\/p><\/div>\n                <\/div><div class=\"eael-accordion-list\">\n                <div id=\"elementor-tab-title-2356\" class=\"elementor-tab-title eael-accordion-header\" tabindex=\"2356\" data-tab=\"6\" role=\"tab\" aria-controls=\"elementor-tab-content-2356\"><i aria-hidden=\"true\" class=\"fa-toggle fas fa-angle-right\"><\/i><span class=\"eael-accordion-tab-title\">PARANDALIMI<\/span><i aria-hidden=\"true\" class=\"fa-accordion-icon fas fa-plus\"><\/i><\/div><div id=\"elementor-tab-content-2356\" class=\"eael-accordion-content clearfix\" data-tab=\"6\" role=\"tabpanel\" aria-labelledby=\"elementor-tab-title-2356\"><p><p><strong>P\u00ebr t\u00eb parandaluar infeksionin dhe p\u00ebr t\u00eb ngadal\u00ebsuar transmetimin e COVID-19, b\u00ebni sa m\u00eb posht\u00eb:<\/strong><\/p><ul><li>Lani duart rregullisht me uj\u00eb dhe sapun, ose pastroni me f\u00ebrkim duarsh me baz\u00eb alkooli.<\/li><li>Mbani t\u00eb pakt\u00ebn 1 met\u00ebr distanc\u00eb midis jush dhe njer\u00ebzve q\u00eb kolliten ose teshtijn\u00eb.<\/li><li>Shmangni prekjen e fytyr\u00ebs.<\/li><li>Mbuloni goj\u00ebn dhe hund\u00ebn kur kolliteni ose teshtini.<\/li><li>Q\u00ebndroni n\u00eb sht\u00ebpi n\u00ebse nuk ndiheni mir\u00eb.<\/li><li>P\u00ebrmbahuni nga pirja e duhanit dhe aktivitetet e tjera q\u00eb dob\u00ebsojn\u00eb mushk\u00ebrit\u00eb.<\/li><li>Praktikoni distancimin fizik duke shmangur udh\u00ebtimet e panevojshme dhe duke q\u00ebndruar larg grupeve t\u00eb m\u00ebdha t\u00eb njer\u00ebzve.\u00a0<\/li><\/ul><\/p><\/div>\n                <\/div><div class=\"eael-accordion-list\">\n                <div id=\"elementor-tab-title-2357\" class=\"elementor-tab-title eael-accordion-header\" tabindex=\"2357\" data-tab=\"7\" role=\"tab\" aria-controls=\"elementor-tab-content-2357\"><i aria-hidden=\"true\" class=\"fa-toggle fas fa-angle-right\"><\/i><span class=\"eael-accordion-tab-title\">SI TRANSMETOHET COVID-19<\/span><i aria-hidden=\"true\" class=\"fa-accordion-icon fas fa-plus\"><\/i><\/div><div id=\"elementor-tab-content-2357\" class=\"eael-accordion-content clearfix\" data-tab=\"7\" role=\"tabpanel\" aria-labelledby=\"elementor-tab-title-2357\"><p><ul><li>Virusi mund t\u00eb p\u00ebrhapet nga goja ose hunda e nj\u00eb personi t\u00eb infektuar n\u00eb grimca t\u00eb vogla t\u00eb l\u00ebngshme kur kolliten, teshtijn\u00eb, flasin, k\u00ebndojn\u00eb ose marrin frym\u00eb. K\u00ebto grimca variojn\u00eb nga pikat m\u00eb t\u00eb m\u00ebdha t\u00eb frym\u00ebmarrjes deri tek aerosolet m\u00eb t\u00eb vogla.<\/li><li>Njer\u00ebzit gjithashtu mund t\u00eb infektohen duke prekur sip\u00ebrfaqet q\u00eb jan\u00eb kontaminuar nga virusi kur prekin syt\u00eb, hund\u00ebn ose goj\u00ebn pa i pastruar duart.<\/li><\/ul><h1>\u00a0<\/h1><h1>Shikoni videon m\u00eb posht\u00eb nga Organizata Bot\u00ebrore e Sh\u00ebndet\u00ebsis\u00eb<\/h1><h1><a href=\"https:\/\/youtu.be\/oqFn6AHoJZQ\">Si transmetohet virusi COVID-19.<\/a><\/h1><\/p><\/div>\n                <\/div><div class=\"eael-accordion-list\">\n                <div id=\"elementor-tab-title-2358\" class=\"elementor-tab-title eael-accordion-header\" tabindex=\"2358\" data-tab=\"8\" role=\"tab\" aria-controls=\"elementor-tab-content-2358\"><i aria-hidden=\"true\" class=\"fa-toggle fas fa-angle-right\"><\/i><span class=\"eael-accordion-tab-title\">MERR NDIHME<\/span><i aria-hidden=\"true\" class=\"fa-accordion-icon fas fa-plus\"><\/i><\/div><div id=\"elementor-tab-content-2358\" class=\"eael-accordion-content clearfix\" data-tab=\"8\" role=\"tabpanel\" aria-labelledby=\"elementor-tab-title-2358\"><p><p><strong>Merrni ndihm\u00eb nga NHS 111 n\u00ebse:<\/strong><\/p><ul><li>Ju jeni t\u00eb shqet\u00ebsuar p\u00ebr simptomat tuaja<\/li><li>Nuk jeni t\u00eb sigurt se \u00e7far\u00eb t\u00eb b\u00ebni<\/li><\/ul><p>\u00a0<\/p><p><strong>Merrni ndihm\u00eb nga <\/strong><a href=\"https:\/\/111.nhs.uk\/\"><strong>NHS 111 n\u00eb internet<\/strong><\/a><\/p><p>\u00a0<\/p><ul><li>Telefononi 111 n\u00ebse nuk mund t\u00eb merrni ndihm\u00eb n\u00eb internet.<\/li><\/ul><p>\u00a0<\/p><ul><li>Mos shkoni n\u00eb vende si nj\u00eb operacion i p\u00ebrgjithsh\u00ebm, spital apo farmaci.<\/li><\/ul><\/p><\/div>\n                <\/div><\/div>\t\t<\/div>\n\t\t\t\t<\/div>\n\t\t\t\t\t\t<\/div>\n\t\t\t\t\t<\/div>\n\t\t<\/div>\n\t\t\t\t\t\t\t\t<\/div>\n\t\t\t\t\t<\/div>\n\t\t<\/section>\n\t\t\t\t\t\t<\/div>\n\t\t\t\t\t\t<\/div>\n\t\t\t\t\t<\/div>","protected":false},"excerpt":{"rendered":"<p>JUNE 2021 BHUMP is back to face to face support in West Drayton. All bookings will have to be strictly by appointment only.\u00a0We will utilise a blended approach so the online lessons will still continue for those who prefer them. For the safety of all our young people and staff, you \u00a0will not be able [&hellip;]<\/p>","protected":false},"author":9,"featured_media":0,"parent":0,"menu_order":0,"comment_status":"closed","ping_status":"closed","template":"","meta":[],"yoast_head":"<!-- This site is optimized with the Yoast SEO plugin v16.5 - https:\/\/yoast.com\/wordpress\/plugins\/seo\/ -->\n<title>Bhump | Covid Update<\/title>\n<meta name=\"robots\" content=\"index, follow, max-snippet:-1, max-image-preview:large, max-video-preview:-1\" \/>\n<link rel=\"canonical\" href=\"https:\/\/www.bhump.org.uk\/sq\/covid-update\/\" \/>\n<meta property=\"og:locale\" content=\"sq_AL\" \/>\n<meta property=\"og:type\" content=\"article\" \/>\n<meta property=\"og:title\" content=\"Bhump | Covid Update\" \/>\n<meta property=\"og:description\" content=\"JUNE 2021 BHUMP is back to face to face support in West Drayton. All bookings will have to be strictly by appointment only.\u00a0We will utilise a blended approach so the online lessons will still continue for those who prefer them. For the safety of all our young people and staff, you \u00a0will not be able [&hellip;]\" \/>\n<meta property=\"og:url\" content=\"https:\/\/www.bhump.org.uk\/sq\/covid-update\/\" \/>\n<meta property=\"og:site_name\" content=\"Bhump\" \/>\n<meta property=\"article:modified_time\" content=\"2021-07-11T17:34:35+00:00\" \/>\n<meta name=\"twitter:card\" content=\"summary_large_image\" \/>\n<meta name=\"twitter:label1\" content=\"Est. reading time\" \/>\n\t<meta name=\"twitter:data1\" content=\"5 minuta\" \/>\n<script type=\"application\/ld+json\" class=\"yoast-schema-graph\">{\"@context\":\"https:\/\/schema.org\",\"@graph\":[{\"@type\":\"WebSite\",\"@id\":\"https:\/\/www.bhump.org.uk\/#website\",\"url\":\"https:\/\/www.bhump.org.uk\/\",\"name\":\"Bhump\",\"description\":\"\",\"potentialAction\":[{\"@type\":\"SearchAction\",\"target\":\"https:\/\/www.bhump.org.uk\/?s={search_term_string}\",\"query-input\":\"required name=search_term_string\"}],\"inLanguage\":\"sq\"},{\"@type\":\"WebPage\",\"@id\":\"https:\/\/www.bhump.org.uk\/covid-update\/#webpage\",\"url\":\"https:\/\/www.bhump.org.uk\/covid-update\/\",\"name\":\"Bhump | Covid Update\",\"isPartOf\":{\"@id\":\"https:\/\/www.bhump.org.uk\/#website\"},\"datePublished\":\"2021-06-09T21:59:06+00:00\",\"dateModified\":\"2021-07-11T17:34:35+00:00\",\"breadcrumb\":{\"@id\":\"https:\/\/www.bhump.org.uk\/covid-update\/#breadcrumb\"},\"inLanguage\":\"sq\",\"potentialAction\":[{\"@type\":\"ReadAction\",\"target\":[\"https:\/\/www.bhump.org.uk\/covid-update\/\"]}]},{\"@type\":\"BreadcrumbList\",\"@id\":\"https:\/\/www.bhump.org.uk\/covid-update\/#breadcrumb\",\"itemListElement\":[{\"@type\":\"ListItem\",\"position\":1,\"name\":\"Home\",\"item\":\"https:\/\/www.bhump.org.uk\/\"},{\"@type\":\"ListItem\",\"position\":2,\"name\":\"Covid Update\"}]}]}<\/script>\n<!-- \/ Yoast SEO plugin. -->","_links":{"self":[{"href":"https:\/\/www.bhump.org.uk\/sq\/wp-json\/wp\/v2\/pages\/277342"}],"collection":[{"href":"https:\/\/www.bhump.org.uk\/sq\/wp-json\/wp\/v2\/pages"}],"about":[{"href":"https:\/\/www.bhump.org.uk\/sq\/wp-json\/wp\/v2\/types\/page"}],"author":[{"embeddable":true,"href":"https:\/\/www.bhump.org.uk\/sq\/wp-json\/wp\/v2\/users\/9"}],"replies":[{"embeddable":true,"href":"https:\/\/www.bhump.org.uk\/sq\/wp-json\/wp\/v2\/comments?post=277342"}],"version-history":[{"count":48,"href":"https:\/\/www.bhump.org.uk\/sq\/wp-json\/wp\/v2\/pages\/277342\/revisions"}],"predecessor-version":[{"id":279032,"href":"https:\/\/www.bhump.org.uk\/sq\/wp-json\/wp\/v2\/pages\/277342\/revisions\/279032"}],"wp:attachment":[{"href":"https:\/\/www.bhump.org.uk\/sq\/wp-json\/wp\/v2\/media?parent=277342"}],"curies":[{"name":"wp","href":"https:\/\/api.w.org\/{rel}","templated":true}]}}