{"id":279068,"date":"2021-09-20T22:57:33","date_gmt":"2021-09-20T22:57:33","guid":{"rendered":"https:\/\/www.bhump.org.uk\/?page_id=279068"},"modified":"2021-09-21T18:15:53","modified_gmt":"2021-09-21T18:15:53","slug":"career-development","status":"publish","type":"page","link":"https:\/\/www.bhump.org.uk\/tr\/career-development\/","title":{"rendered":"Kariyer Geli\u015fimi"},"content":{"rendered":"<div data-elementor-type=\"wp-page\" data-elementor-id=\"279068\" class=\"elementor elementor-279068\" data-elementor-settings=\"[]\">\n\t\t\t\t\t\t<div class=\"elementor-inner\">\n\t\t\t\t\t\t\t<div class=\"elementor-section-wrap\">\n\t\t\t\t\t\t\t<section class=\"has_ae_slider elementor-section elementor-top-section elementor-element elementor-element-144fe72 elementor-section-boxed elementor-section-height-default elementor-section-height-default ae-bg-gallery-type-default\" data-particle_enable=\"false\" data-particle-mobile-disabled=\"false\" data-id=\"144fe72\" data-element_type=\"section\">\n\t\t\t\t\t\t<div class=\"elementor-container elementor-column-gap-no\">\n\t\t\t\t\t\t\t<div class=\"elementor-row\">\n\t\t\t\t\t<div class=\"has_ae_slider elementor-column elementor-col-100 elementor-top-column elementor-element elementor-element-77b9c44 ae-bg-gallery-type-default\" data-id=\"77b9c44\" data-element_type=\"column\">\n\t\t\t<div class=\"elementor-column-wrap elementor-element-populated\">\n\t\t\t\t\t\t\t<div class=\"elementor-widget-wrap\">\n\t\t\t\t\t\t<div class=\"elementor-element elementor-element-66f358a elementor-widget elementor-widget-text-editor\" data-id=\"66f358a\" data-element_type=\"widget\" data-widget_type=\"text-editor.default\">\n\t\t\t\t<div class=\"elementor-widget-container\">\n\t\t\t\t\t\t\t\t<div class=\"elementor-text-editor elementor-clearfix\">\n\t\t\t\t\tMerhaba ve BHUMP Learning Education and Training&#39;e ho\u015f geldiniz.\n<span class=\"underline\">Burada oldu\u011fun i\u00e7in te\u015fekk\u00fcr ederim!<\/span>\t\t\t\t\t<\/div>\n\t\t\t\t\t\t<\/div>\n\t\t\t\t<\/div>\n\t\t\t\t<div class=\"elementor-element elementor-element-5181649 elementor-widget elementor-widget-text-editor\" data-id=\"5181649\" data-element_type=\"widget\" data-widget_type=\"text-editor.default\">\n\t\t\t\t<div class=\"elementor-widget-container\">\n\t\t\t\t\t\t\t\t<div class=\"elementor-text-editor elementor-clearfix\">\n\t\t\t\t\t<p>BHUMP&#39;daki \u00f6zel ekip bu kaynaklar\u0131 bir araya getirdi.<\/p>\t\t\t\t\t<\/div>\n\t\t\t\t\t\t<\/div>\n\t\t\t\t<\/div>\n\t\t\t\t\t\t<\/div>\n\t\t\t\t\t<\/div>\n\t\t<\/div>\n\t\t\t\t\t\t\t\t<\/div>\n\t\t\t\t\t<\/div>\n\t\t<\/section>\n\t\t\t\t<section class=\"has_ae_slider elementor-section elementor-top-section elementor-element elementor-element-2dc534f reverse elementor-section-boxed elementor-section-height-default elementor-section-height-default ae-bg-gallery-type-default\" data-particle_enable=\"false\" data-particle-mobile-disabled=\"false\" data-id=\"2dc534f\" data-element_type=\"section\">\n\t\t\t\t\t\t<div class=\"elementor-container elementor-column-gap-no\">\n\t\t\t\t\t\t\t<div class=\"elementor-row\">\n\t\t\t\t\t<div class=\"has_ae_slider elementor-column elementor-col-50 elementor-top-column elementor-element elementor-element-b4c51ff ae-bg-gallery-type-default\" data-id=\"b4c51ff\" data-element_type=\"column\">\n\t\t\t<div class=\"elementor-column-wrap elementor-element-populated\">\n\t\t\t\t\t\t\t<div class=\"elementor-widget-wrap\">\n\t\t\t\t\t\t<section class=\"has_ae_slider elementor-section elementor-inner-section elementor-element elementor-element-dc02dc0 elementor-section-boxed elementor-section-height-default elementor-section-height-default ae-bg-gallery-type-default\" data-particle_enable=\"false\" data-particle-mobile-disabled=\"false\" data-id=\"dc02dc0\" data-element_type=\"section\">\n\t\t\t\t\t\t<div class=\"elementor-container elementor-column-gap-no\">\n\t\t\t\t\t\t\t<div class=\"elementor-row\">\n\t\t\t\t\t<div class=\"has_ae_slider elementor-column elementor-col-100 elementor-inner-column elementor-element elementor-element-9c446e8 ae-bg-gallery-type-default\" data-id=\"9c446e8\" data-element_type=\"column\">\n\t\t\t<div class=\"elementor-column-wrap elementor-element-populated\">\n\t\t\t\t\t\t\t<div class=\"elementor-widget-wrap\">\n\t\t\t\t\t\t<div class=\"elementor-element elementor-element-ab1aae0 elementor-widget elementor-widget-heading\" data-id=\"ab1aae0\" data-element_type=\"widget\" data-widget_type=\"heading.default\">\n\t\t\t\t<div class=\"elementor-widget-container\">\n\t\t\t<h2 class=\"elementor-heading-title elementor-size-default\">Kariyer Geli\u015ftirme Kaynaklar\u0131<\/h2>\t\t<\/div>\n\t\t\t\t<\/div>\n\t\t\t\t<div class=\"elementor-element elementor-element-9aa4774 elementor-widget elementor-widget-text-editor\" data-id=\"9aa4774\" data-element_type=\"widget\" data-widget_type=\"text-editor.default\">\n\t\t\t\t<div class=\"elementor-widget-container\">\n\t\t\t\t\t\t\t\t<div class=\"elementor-text-editor elementor-clearfix\">\n\t\t\t\t\t<p>Kariyeriniz hakk\u0131nda d\u00fc\u015f\u00fcnmeye ba\u015flaman\u0131za ve nereye gitmek istedi\u011finize karar vermenize yard\u0131mc\u0131 olmak i\u00e7in bu kaynaklar\u0131 bir araya getirdik.\u00a0<\/p><p>Kar\u015f\u0131la\u015fabilece\u011finiz zorluklar ve f\u0131rsatlarla kariyerinizin her a\u015famas\u0131nda sizi desteklemek ve ba\u015far\u0131l\u0131 olmak i\u00e7in ihtiya\u00e7 duydu\u011funuz genel becerileri \u00f6\u011frenmenize yard\u0131mc\u0131 olmak.\u00a0<\/p>\t\t\t\t\t<\/div>\n\t\t\t\t\t\t<\/div>\n\t\t\t\t<\/div>\n\t\t\t\t\t\t<\/div>\n\t\t\t\t\t<\/div>\n\t\t<\/div>\n\t\t\t\t\t\t\t\t<\/div>\n\t\t\t\t\t<\/div>\n\t\t<\/section>\n\t\t\t\t\t\t<\/div>\n\t\t\t\t\t<\/div>\n\t\t<\/div>\n\t\t\t\t<div class=\"has_ae_slider elementor-column elementor-col-50 elementor-top-column elementor-element elementor-element-b46d191 ae-bg-gallery-type-default\" data-id=\"b46d191\" data-element_type=\"column\">\n\t\t\t<div class=\"elementor-column-wrap elementor-element-populated\">\n\t\t\t\t\t\t\t<div class=\"elementor-widget-wrap\">\n\t\t\t\t\t\t<section class=\"has_ae_slider elementor-section elementor-inner-section elementor-element elementor-element-e93eb80 elementor-section-boxed elementor-section-height-default elementor-section-height-default ae-bg-gallery-type-default\" data-particle_enable=\"false\" data-particle-mobile-disabled=\"false\" data-id=\"e93eb80\" data-element_type=\"section\">\n\t\t\t\t\t\t<div class=\"elementor-container elementor-column-gap-no\">\n\t\t\t\t\t\t\t<div class=\"elementor-row\">\n\t\t\t\t\t<div class=\"has_ae_slider elementor-column elementor-col-100 elementor-inner-column elementor-element elementor-element-a5321ac ae-bg-gallery-type-default\" data-id=\"a5321ac\" data-element_type=\"column\" data-settings=\"{&quot;background_background&quot;:&quot;classic&quot;}\">\n\t\t\t<div class=\"elementor-column-wrap elementor-element-populated\">\n\t\t\t\t\t\t\t<div class=\"elementor-widget-wrap\">\n\t\t\t\t\t\t<div class=\"elementor-element elementor-element-945ae73 elementor-widget elementor-widget-image\" data-id=\"945ae73\" data-element_type=\"widget\" data-widget_type=\"image.default\">\n\t\t\t\t<div class=\"elementor-widget-container\">\n\t\t\t\t\t\t\t\t<div class=\"elementor-image\">\n\t\t\t\t\t\t\t\t\t\t\t\t<img width=\"1024\" height=\"683\" src=\"https:\/\/www.bhump.org.uk\/wp-content\/uploads\/2021\/09\/pexels-fauxels-3184338-1024x683.jpg\" class=\"attachment-large size-large\" alt=\"\" loading=\"lazy\" \/>\t\t\t\t\t\t\t\t\t\t\t\t\t\t<\/div>\n\t\t\t\t\t\t<\/div>\n\t\t\t\t<\/div>\n\t\t\t\t\t\t<\/div>\n\t\t\t\t\t<\/div>\n\t\t<\/div>\n\t\t\t\t\t\t\t\t<\/div>\n\t\t\t\t\t<\/div>\n\t\t<\/section>\n\t\t\t\t\t\t<\/div>\n\t\t\t\t\t<\/div>\n\t\t<\/div>\n\t\t\t\t\t\t\t\t<\/div>\n\t\t\t\t\t<\/div>\n\t\t<\/section>\n\t\t\t\t<section class=\"has_ae_slider elementor-section elementor-top-section elementor-element elementor-element-efaece8 elementor-section-stretched elementor-section-boxed elementor-section-height-default elementor-section-height-default ae-bg-gallery-type-default\" data-particle_enable=\"false\" data-particle-mobile-disabled=\"false\" data-id=\"efaece8\" data-element_type=\"section\" data-settings=\"{&quot;stretch_section&quot;:&quot;section-stretched&quot;}\">\n\t\t\t\t\t\t<div class=\"elementor-container elementor-column-gap-no\">\n\t\t\t\t\t\t\t<div class=\"elementor-row\">\n\t\t\t\t\t<div class=\"has_ae_slider elementor-column elementor-col-100 elementor-top-column elementor-element elementor-element-f42ac8f ae-bg-gallery-type-default\" data-id=\"f42ac8f\" data-element_type=\"column\">\n\t\t\t<div class=\"elementor-column-wrap elementor-element-populated\">\n\t\t\t\t\t\t\t<div class=\"elementor-widget-wrap\">\n\t\t\t\t\t\t<div class=\"elementor-element elementor-element-1be332e elementor-widget elementor-widget-eael-adv-accordion\" data-id=\"1be332e\" data-element_type=\"widget\" data-widget_type=\"eael-adv-accordion.default\">\n\t\t\t\t<div class=\"elementor-widget-container\">\n\t\t\t        <div class=\"eael-adv-accordion\" id=\"eael-adv-accordion-1be332e\" data-accordion-id=\"1be332e\" data-accordion-type=\"toggle\" data-toogle-speed=\"300\">\n    <div class=\"eael-accordion-list\">\n                <div id=\"elementor-tab-title-2921\" class=\"elementor-tab-title eael-accordion-header\" tabindex=\"2921\" data-tab=\"1\" role=\"tab\" aria-controls=\"elementor-tab-content-2921\"><i aria-hidden=\"true\" class=\"fa-toggle fas fa-angle-right\"><\/i><span class=\"eael-accordion-tab-title\">Pratik Dijital Becerileri \u00d6\u011frenin<\/span><i aria-hidden=\"true\" class=\"fa-accordion-icon fas fa-plus\"><\/i><\/div><div id=\"elementor-tab-content-2921\" class=\"eael-accordion-content clearfix\" data-tab=\"1\" role=\"tabpanel\" aria-labelledby=\"elementor-tab-title-2921\"><p><p><a href=\"https:\/\/applieddigitalskills.withgoogle.com\/s\/en-uk\/home\">G\u00fcn\u00fcm\u00fcz\u00fcn i\u015fleri i\u00e7in gerekli olan pratik dijital becerileri \u00f6\u011frenin.<\/a><\/p><p>\u00a0<\/p><\/p><\/div>\n                <\/div><\/div>\t\t<\/div>\n\t\t\t\t<\/div>\n\t\t\t\t\t\t<\/div>\n\t\t\t\t\t<\/div>\n\t\t<\/div>\n\t\t\t\t\t\t\t\t<\/div>\n\t\t\t\t\t<\/div>\n\t\t<\/section>\n\t\t\t\t\t\t<\/div>\n\t\t\t\t\t\t<\/div>\n\t\t\t\t\t<\/div>","protected":false},"excerpt":{"rendered":"<p>Hello and Welcome to BHUMP Learning Education and Training. Thank you for being here! The dedicated team at BHUMP has put together these resources. Career Development Resources We have have put together these resources to help you start to think about your career and decide where you want it to go.\u00a0 To support you at [&hellip;]<\/p>","protected":false},"author":9,"featured_media":0,"parent":0,"menu_order":0,"comment_status":"closed","ping_status":"closed","template":"","meta":[],"yoast_head":"<!-- This site is optimized with the Yoast SEO plugin v16.5 - https:\/\/yoast.com\/wordpress\/plugins\/seo\/ -->\n<title>Bhump | Career Development<\/title>\n<meta name=\"robots\" content=\"index, follow, max-snippet:-1, max-image-preview:large, max-video-preview:-1\" \/>\n<link rel=\"canonical\" href=\"https:\/\/www.bhump.org.uk\/tr\/career-development\/\" \/>\n<meta property=\"og:locale\" content=\"tr_TR\" \/>\n<meta property=\"og:type\" content=\"article\" \/>\n<meta property=\"og:title\" content=\"Bhump | Career Development\" \/>\n<meta property=\"og:description\" content=\"Hello and Welcome to BHUMP Learning Education and Training. Thank you for being here! The dedicated team at BHUMP has put together these resources. Career Development Resources We have have put together these resources to help you start to think about your career and decide where you want it to go.\u00a0 To support you at [&hellip;]\" \/>\n<meta property=\"og:url\" content=\"https:\/\/www.bhump.org.uk\/tr\/career-development\/\" \/>\n<meta property=\"og:site_name\" content=\"Bhump\" \/>\n<meta property=\"article:modified_time\" content=\"2021-09-21T18:15:53+00:00\" \/>\n<meta property=\"og:image\" content=\"https:\/\/www.bhump.org.uk\/wp-content\/uploads\/2021\/09\/pexels-fauxels-3184338-1024x683.jpg\" \/>\n<meta name=\"twitter:card\" content=\"summary_large_image\" \/>\n<meta name=\"twitter:label1\" content=\"Tahmini okuma s\u00fcresi\" \/>\n\t<meta name=\"twitter:data1\" content=\"1 dakika\" \/>\n<script type=\"application\/ld+json\" class=\"yoast-schema-graph\">{\"@context\":\"https:\/\/schema.org\",\"@graph\":[{\"@type\":\"WebSite\",\"@id\":\"https:\/\/www.bhump.org.uk\/#website\",\"url\":\"https:\/\/www.bhump.org.uk\/\",\"name\":\"Bhump\",\"description\":\"\",\"potentialAction\":[{\"@type\":\"SearchAction\",\"target\":\"https:\/\/www.bhump.org.uk\/?s={search_term_string}\",\"query-input\":\"required name=search_term_string\"}],\"inLanguage\":\"tr\"},{\"@type\":\"ImageObject\",\"@id\":\"https:\/\/www.bhump.org.uk\/career-development\/#primaryimage\",\"inLanguage\":\"tr\",\"url\":\"https:\/\/www.bhump.org.uk\/wp-content\/uploads\/2021\/09\/pexels-fauxels-3184338-scaled.jpg\",\"contentUrl\":\"https:\/\/www.bhump.org.uk\/wp-content\/uploads\/2021\/09\/pexels-fauxels-3184338-scaled.jpg\",\"width\":2560,\"height\":1707},{\"@type\":\"WebPage\",\"@id\":\"https:\/\/www.bhump.org.uk\/career-development\/#webpage\",\"url\":\"https:\/\/www.bhump.org.uk\/career-development\/\",\"name\":\"Bhump | Career Development\",\"isPartOf\":{\"@id\":\"https:\/\/www.bhump.org.uk\/#website\"},\"primaryImageOfPage\":{\"@id\":\"https:\/\/www.bhump.org.uk\/career-development\/#primaryimage\"},\"datePublished\":\"2021-09-20T22:57:33+00:00\",\"dateModified\":\"2021-09-21T18:15:53+00:00\",\"breadcrumb\":{\"@id\":\"https:\/\/www.bhump.org.uk\/career-development\/#breadcrumb\"},\"inLanguage\":\"tr\",\"potentialAction\":[{\"@type\":\"ReadAction\",\"target\":[\"https:\/\/www.bhump.org.uk\/career-development\/\"]}]},{\"@type\":\"BreadcrumbList\",\"@id\":\"https:\/\/www.bhump.org.uk\/career-development\/#breadcrumb\",\"itemListElement\":[{\"@type\":\"ListItem\",\"position\":1,\"name\":\"Home\",\"item\":\"https:\/\/www.bhump.org.uk\/\"},{\"@type\":\"ListItem\",\"position\":2,\"name\":\"Career Development\"}]}]}<\/script>\n<!-- \/ Yoast SEO plugin. -->","_links":{"self":[{"href":"https:\/\/www.bhump.org.uk\/tr\/wp-json\/wp\/v2\/pages\/279068"}],"collection":[{"href":"https:\/\/www.bhump.org.uk\/tr\/wp-json\/wp\/v2\/pages"}],"about":[{"href":"https:\/\/www.bhump.org.uk\/tr\/wp-json\/wp\/v2\/types\/page"}],"author":[{"embeddable":true,"href":"https:\/\/www.bhump.org.uk\/tr\/wp-json\/wp\/v2\/users\/9"}],"replies":[{"embeddable":true,"href":"https:\/\/www.bhump.org.uk\/tr\/wp-json\/wp\/v2\/comments?post=279068"}],"version-history":[{"count":23,"href":"https:\/\/www.bhump.org.uk\/tr\/wp-json\/wp\/v2\/pages\/279068\/revisions"}],"predecessor-version":[{"id":279097,"href":"https:\/\/www.bhump.org.uk\/tr\/wp-json\/wp\/v2\/pages\/279068\/revisions\/279097"}],"wp:attachment":[{"href":"https:\/\/www.bhump.org.uk\/tr\/wp-json\/wp\/v2\/media?parent=279068"}],"curies":[{"name":"wp","href":"https:\/\/api.w.org\/{rel}","templated":true}]}}